{"id":2616,"date":"2024-05-21T09:27:33","date_gmt":"2024-05-21T09:27:33","guid":{"rendered":"https:\/\/xn--hotel-knigshof-1pb.de\/imprint\/"},"modified":"2025-08-04T11:57:12","modified_gmt":"2025-08-04T11:57:12","slug":"imprint","status":"publish","type":"page","link":"https:\/\/xn--hotel-knigshof-1pb.de\/en\/imprint\/","title":{"rendered":"Imprint"},"content":{"rendered":"\t\t<div data-elementor-type=\"wp-page\" data-elementor-id=\"2616\" class=\"elementor elementor-2616 elementor-318\" data-elementor-post-type=\"page\">\n\t\t\t\t<div class=\"elementor-element elementor-element-405a704 e-flex e-con-boxed e-con e-parent\" data-id=\"405a704\" data-element_type=\"container\" data-e-type=\"container\">\n\t\t\t\t\t<div class=\"e-con-inner\">\n\t\t<div class=\"elementor-element elementor-element-c46192f e-con-full e-flex e-con e-child\" data-id=\"c46192f\" data-element_type=\"container\" data-e-type=\"container\">\n\t\t\t\t<div class=\"elementor-element elementor-element-2dcf7c9 elementor-widget elementor-widget-text-editor\" data-id=\"2dcf7c9\" data-element_type=\"widget\" data-e-type=\"widget\" id=\"id-inhalt\" tabindex=\"0\" data-widget_type=\"text-editor.default\">\n\t\t\t\t<div class=\"elementor-widget-container\">\n\t\t\t\t\t\t\t\t\t<h2>Imprint according to \u00a7 5 DDG<\/h2><p>AVALON Hotelpark K\u00f6nigshof, K\u00f6nigslutter GmbH<br>Braunschweiger Stra\u00dfe 21a<br>38154 K\u00f6nigslutter<\/p><p>Commercial register: HRB 100756<br>Register court: Braunschweig<\/p><p><strong>Represented by:<\/strong><br>Cornelius Ebel, Heike Gust, Dr. R\u00fcdiger Hahn<\/p><p><strong>Contact<\/strong><br>Phone: +49(0)5353-503-0<br>Fax: +49(0)5353-503-244<br>E-mail: <a href=\"mailto:info@hotelpark-koenigshof.de\">info@hotelpark-koenigshof.de<\/a><\/p><p><strong>Sales tax ID<\/strong><br>Sales tax identification number in accordance with \u00a7 27 a of the Sales Tax Act:<br>DE 186411658<\/p><p><strong>Information on professional indemnity insurance<\/strong><br>Name and registered office of the insurer:<br>N\u00fcrnberger Allgemeine Versicherungs-AG<br>Ostendstra\u00dfe 100<br>90334 Nuremberg<\/p><p><span style=\"text-decoration: underline;\">Area of validity of the insurance:<\/span><br>Germany<\/p><p><strong>Liability for content<br><\/strong>As a service provider, we are responsible for our own content on these pages in accordance with general legislation. However, as a service provider, we are not obliged to monitor transmitted or stored third-party information or to investigate circumstances that indicate illegal activity.<br>obligations to remove or block the use of information in accordance with general laws remain unaffected by this.  However, liability in this respect is only possible from the time of knowledge of a specific infringement. As soon as we become aware of such infringements, we will remove this content immediately.<\/p><p><strong>Liability for links<br><\/strong>Our website contains links to external third-party websites over whose content we have no influence. Therefore, we cannot accept any liability for this third-party content. The respective provider or operator of the pages is always responsible for the content of the linked pages. The linked pages were checked for possible legal violations at the time of linking. Illegal contents were not recognizable at the time of linking.<br>However, a permanent content control of the linked pages is not reasonable without concrete evidence of an infringement. If we become aware of any legal infringements, we will remove such links immediately.<\/p><p><strong>Copyright<br><\/strong>The content and works created by the site operators on these pages are subject to German copyright law. Duplication, processing, distribution and any form of commercialization of such material beyond the scope of the copyright law shall require the prior written consent of its respective author or creator. Downloads and copies of this site are only permitted for private, non-commercial use.<br>Insofar as the content on this site was not created by the operator, the copyrights of third parties are respected. In particular, third-party content is identified as such. Should you nevertheless become aware of a copyright infringement, please inform us accordingly. If we become aware of any infringements, we will remove such content immediately.<\/p><p>Created with: <a href=\"https:\/\/www.e-recht24.de\">https:\/\/www.e-recht24.de<\/a><\/p>\t\t\t\t\t\t\t\t<\/div>\n\t\t\t\t<\/div>\n\t\t\t\t<\/div>\n\t\t\t\t\t<\/div>\n\t\t\t\t<\/div>\n\t\t\t\t<\/div>\n\t\t","protected":false},"excerpt":{"rendered":"<p>Imprint according to \u00a7 5 DDG AVALON Hotelpark K\u00f6nigshof, K\u00f6nigslutter GmbHBraunschweiger Stra\u00dfe 21a38154 K\u00f6nigslutter Commercial register: HRB 100756Register court: Braunschweig [&hellip;]<\/p>\n","protected":false},"author":1,"featured_media":0,"parent":0,"menu_order":0,"comment_status":"closed","ping_status":"closed","template":"elementor_header_footer","meta":{"site-sidebar-layout":"no-sidebar","site-content-layout":"plain-container","ast-site-content-layout":"full-width-container","site-content-style":"default","site-sidebar-style":"default","ast-global-header-display":"","ast-banner-title-visibility":"","ast-main-header-display":"","ast-hfb-above-header-display":"","ast-hfb-below-header-display":"","ast-hfb-mobile-header-display":"","site-post-title":"disabled","ast-breadcrumbs-content":"","ast-featured-img":"disabled","footer-sml-layout":"","ast-disable-related-posts":"","theme-transparent-header-meta":"enabled","adv-header-id-meta":"","stick-header-meta":"","header-above-stick-meta":"","header-main-stick-meta":"","header-below-stick-meta":"","astra-migrate-meta-layouts":"default","ast-page-background-enabled":"default","ast-page-background-meta":{"desktop":{"background-color":"var(--ast-global-color-4)","background-image":"","background-repeat":"repeat","background-position":"center center","background-size":"auto","background-attachment":"scroll","background-type":"","background-media":"","overlay-type":"","overlay-color":"","overlay-opacity":"","overlay-gradient":""},"tablet":{"background-color":"","background-image":"","background-repeat":"repeat","background-position":"center center","background-size":"auto","background-attachment":"scroll","background-type":"","background-media":"","overlay-type":"","overlay-color":"","overlay-opacity":"","overlay-gradient":""},"mobile":{"background-color":"","background-image":"","background-repeat":"repeat","background-position":"center center","background-size":"auto","background-attachment":"scroll","background-type":"","background-media":"","overlay-type":"","overlay-color":"","overlay-opacity":"","overlay-gradient":""}},"ast-content-background-meta":{"desktop":{"background-color":"var(--ast-global-color-5)","background-image":"","background-repeat":"repeat","background-position":"center center","background-size":"auto","background-attachment":"scroll","background-type":"","background-media":"","overlay-type":"","overlay-color":"","overlay-opacity":"","overlay-gradient":""},"tablet":{"background-color":"var(--ast-global-color-5)","background-image":"","background-repeat":"repeat","background-position":"center center","background-size":"auto","background-attachment":"scroll","background-type":"","background-media":"","overlay-type":"","overlay-color":"","overlay-opacity":"","overlay-gradient":""},"mobile":{"background-color":"var(--ast-global-color-5)","background-image":"","background-repeat":"repeat","background-position":"center center","background-size":"auto","background-attachment":"scroll","background-type":"","background-media":"","overlay-type":"","overlay-color":"","overlay-opacity":"","overlay-gradient":""}},"footnotes":""},"class_list":["post-2616","page","type-page","status-publish","hentry"],"yoast_head":"<!-- This site is optimized with the Yoast SEO plugin v27.4 - https:\/\/yoast.com\/product\/yoast-seo-wordpress\/ -->\n<title>AVALON Hotel K\u00f6nigshof | Your Business &amp; Lifestyle Hotel in K\u00f6nigslutter<\/title>\n<meta name=\"description\" content=\"Welcome to the AVALON Hotel K\u00f6nigshof! In the historic small town of K\u00f6nigslutter am Elm in south-eastern Lower Saxony you will find a quiet location ...\" \/>\n<meta name=\"robots\" content=\"index, follow, max-snippet:-1, max-image-preview:large, max-video-preview:-1\" \/>\n<link rel=\"canonical\" href=\"https:\/\/xn--hotel-knigshof-1pb.de\/en\/imprint\/\" \/>\n<meta property=\"og:locale\" content=\"en_US\" \/>\n<meta property=\"og:type\" content=\"article\" \/>\n<meta property=\"og:title\" content=\"AVALON Hotel K\u00f6nigshof | Your Business &amp; Lifestyle Hotel in K\u00f6nigslutter\" \/>\n<meta property=\"og:description\" content=\"Welcome to the AVALON Hotel K\u00f6nigshof! In the historic small town of K\u00f6nigslutter am Elm in south-eastern Lower Saxony you will find a quiet location ...\" \/>\n<meta property=\"og:url\" content=\"https:\/\/xn--hotel-knigshof-1pb.de\/en\/imprint\/\" \/>\n<meta property=\"og:site_name\" content=\"Hotel K\u00f6nigshof\" \/>\n<meta property=\"article:modified_time\" content=\"2025-08-04T11:57:12+00:00\" \/>\n<meta name=\"twitter:card\" content=\"summary_large_image\" \/>\n<meta name=\"twitter:label1\" content=\"Est. reading time\" \/>\n\t<meta name=\"twitter:data1\" content=\"2 minutes\" \/>\n<script type=\"application\/ld+json\" class=\"yoast-schema-graph\">{\"@context\":\"https:\\\/\\\/schema.org\",\"@graph\":[{\"@type\":\"WebPage\",\"@id\":\"https:\\\/\\\/xn--hotel-knigshof-1pb.de\\\/en\\\/imprint\\\/\",\"url\":\"https:\\\/\\\/xn--hotel-knigshof-1pb.de\\\/en\\\/imprint\\\/\",\"name\":\"AVALON Hotel K\u00f6nigshof | Your Business & Lifestyle Hotel in K\u00f6nigslutter\",\"isPartOf\":{\"@id\":\"https:\\\/\\\/xn--hotel-knigshof-1pb.de\\\/en\\\/#website\"},\"datePublished\":\"2024-05-21T09:27:33+00:00\",\"dateModified\":\"2025-08-04T11:57:12+00:00\",\"description\":\"Welcome to the AVALON Hotel K\u00f6nigshof! In the historic small town of K\u00f6nigslutter am Elm in south-eastern Lower Saxony you will find a quiet location ...\",\"breadcrumb\":{\"@id\":\"https:\\\/\\\/xn--hotel-knigshof-1pb.de\\\/en\\\/imprint\\\/#breadcrumb\"},\"inLanguage\":\"en-US\",\"potentialAction\":[{\"@type\":\"ReadAction\",\"target\":[\"https:\\\/\\\/xn--hotel-knigshof-1pb.de\\\/en\\\/imprint\\\/\"]}]},{\"@type\":\"BreadcrumbList\",\"@id\":\"https:\\\/\\\/xn--hotel-knigshof-1pb.de\\\/en\\\/imprint\\\/#breadcrumb\",\"itemListElement\":[{\"@type\":\"ListItem\",\"position\":1,\"name\":\"Startseite\",\"item\":\"https:\\\/\\\/xn--hotel-knigshof-1pb.de\\\/en\\\/\"},{\"@type\":\"ListItem\",\"position\":2,\"name\":\"Imprint\"}]},{\"@type\":\"WebSite\",\"@id\":\"https:\\\/\\\/xn--hotel-knigshof-1pb.de\\\/en\\\/#website\",\"url\":\"https:\\\/\\\/xn--hotel-knigshof-1pb.de\\\/en\\\/\",\"name\":\"Hotel K\u00f6nigshof\",\"description\":\"Herzlich Willkommen im AVALON Hotel K\u00f6nigshof! In der historischen Kleinstadt K\u00f6nigslutter am Elm in S\u00fcdostniedersachsen finden Sie in ruhiger Lage ...\",\"publisher\":{\"@id\":\"https:\\\/\\\/xn--hotel-knigshof-1pb.de\\\/en\\\/#organization\"},\"potentialAction\":[{\"@type\":\"SearchAction\",\"target\":{\"@type\":\"EntryPoint\",\"urlTemplate\":\"https:\\\/\\\/xn--hotel-knigshof-1pb.de\\\/en\\\/?s={search_term_string}\"},\"query-input\":{\"@type\":\"PropertyValueSpecification\",\"valueRequired\":true,\"valueName\":\"search_term_string\"}}],\"inLanguage\":\"en-US\"},{\"@type\":\"Organization\",\"@id\":\"https:\\\/\\\/xn--hotel-knigshof-1pb.de\\\/en\\\/#organization\",\"name\":\"Hotel K\u00f6nigshof\",\"url\":\"https:\\\/\\\/xn--hotel-knigshof-1pb.de\\\/en\\\/\",\"logo\":{\"@type\":\"ImageObject\",\"inLanguage\":\"en-US\",\"@id\":\"https:\\\/\\\/xn--hotel-knigshof-1pb.de\\\/en\\\/#\\\/schema\\\/logo\\\/image\\\/\",\"url\":\"https:\\\/\\\/xn--hotel-knigshof-1pb.de\\\/wp-content\\\/uploads\\\/2024\\\/05\\\/cropped-Logo-Avalon-Hotel-Koenigshof.png\",\"contentUrl\":\"https:\\\/\\\/xn--hotel-knigshof-1pb.de\\\/wp-content\\\/uploads\\\/2024\\\/05\\\/cropped-Logo-Avalon-Hotel-Koenigshof.png\",\"width\":331,\"height\":200,\"caption\":\"Hotel K\u00f6nigshof\"},\"image\":{\"@id\":\"https:\\\/\\\/xn--hotel-knigshof-1pb.de\\\/en\\\/#\\\/schema\\\/logo\\\/image\\\/\"}}]}<\/script>\n<!-- \/ Yoast SEO plugin. -->","yoast_head_json":{"title":"AVALON Hotel K\u00f6nigshof | Your Business & Lifestyle Hotel in K\u00f6nigslutter","description":"Welcome to the AVALON Hotel K\u00f6nigshof! In the historic small town of K\u00f6nigslutter am Elm in south-eastern Lower Saxony you will find a quiet location ...","robots":{"index":"index","follow":"follow","max-snippet":"max-snippet:-1","max-image-preview":"max-image-preview:large","max-video-preview":"max-video-preview:-1"},"canonical":"https:\/\/xn--hotel-knigshof-1pb.de\/en\/imprint\/","og_locale":"en_US","og_type":"article","og_title":"AVALON Hotel K\u00f6nigshof | Your Business & Lifestyle Hotel in K\u00f6nigslutter","og_description":"Welcome to the AVALON Hotel K\u00f6nigshof! In the historic small town of K\u00f6nigslutter am Elm in south-eastern Lower Saxony you will find a quiet location ...","og_url":"https:\/\/xn--hotel-knigshof-1pb.de\/en\/imprint\/","og_site_name":"Hotel K\u00f6nigshof","article_modified_time":"2025-08-04T11:57:12+00:00","twitter_card":"summary_large_image","twitter_misc":{"Est. reading time":"2 minutes"},"schema":{"@context":"https:\/\/schema.org","@graph":[{"@type":"WebPage","@id":"https:\/\/xn--hotel-knigshof-1pb.de\/en\/imprint\/","url":"https:\/\/xn--hotel-knigshof-1pb.de\/en\/imprint\/","name":"AVALON Hotel K\u00f6nigshof | Your Business & Lifestyle Hotel in K\u00f6nigslutter","isPartOf":{"@id":"https:\/\/xn--hotel-knigshof-1pb.de\/en\/#website"},"datePublished":"2024-05-21T09:27:33+00:00","dateModified":"2025-08-04T11:57:12+00:00","description":"Welcome to the AVALON Hotel K\u00f6nigshof! In the historic small town of K\u00f6nigslutter am Elm in south-eastern Lower Saxony you will find a quiet location ...","breadcrumb":{"@id":"https:\/\/xn--hotel-knigshof-1pb.de\/en\/imprint\/#breadcrumb"},"inLanguage":"en-US","potentialAction":[{"@type":"ReadAction","target":["https:\/\/xn--hotel-knigshof-1pb.de\/en\/imprint\/"]}]},{"@type":"BreadcrumbList","@id":"https:\/\/xn--hotel-knigshof-1pb.de\/en\/imprint\/#breadcrumb","itemListElement":[{"@type":"ListItem","position":1,"name":"Startseite","item":"https:\/\/xn--hotel-knigshof-1pb.de\/en\/"},{"@type":"ListItem","position":2,"name":"Imprint"}]},{"@type":"WebSite","@id":"https:\/\/xn--hotel-knigshof-1pb.de\/en\/#website","url":"https:\/\/xn--hotel-knigshof-1pb.de\/en\/","name":"Hotel K\u00f6nigshof","description":"Herzlich Willkommen im AVALON Hotel K\u00f6nigshof! In der historischen Kleinstadt K\u00f6nigslutter am Elm in S\u00fcdostniedersachsen finden Sie in ruhiger Lage ...","publisher":{"@id":"https:\/\/xn--hotel-knigshof-1pb.de\/en\/#organization"},"potentialAction":[{"@type":"SearchAction","target":{"@type":"EntryPoint","urlTemplate":"https:\/\/xn--hotel-knigshof-1pb.de\/en\/?s={search_term_string}"},"query-input":{"@type":"PropertyValueSpecification","valueRequired":true,"valueName":"search_term_string"}}],"inLanguage":"en-US"},{"@type":"Organization","@id":"https:\/\/xn--hotel-knigshof-1pb.de\/en\/#organization","name":"Hotel K\u00f6nigshof","url":"https:\/\/xn--hotel-knigshof-1pb.de\/en\/","logo":{"@type":"ImageObject","inLanguage":"en-US","@id":"https:\/\/xn--hotel-knigshof-1pb.de\/en\/#\/schema\/logo\/image\/","url":"https:\/\/xn--hotel-knigshof-1pb.de\/wp-content\/uploads\/2024\/05\/cropped-Logo-Avalon-Hotel-Koenigshof.png","contentUrl":"https:\/\/xn--hotel-knigshof-1pb.de\/wp-content\/uploads\/2024\/05\/cropped-Logo-Avalon-Hotel-Koenigshof.png","width":331,"height":200,"caption":"Hotel K\u00f6nigshof"},"image":{"@id":"https:\/\/xn--hotel-knigshof-1pb.de\/en\/#\/schema\/logo\/image\/"}}]}},"_links":{"self":[{"href":"https:\/\/xn--hotel-knigshof-1pb.de\/en\/wp-json\/wp\/v2\/pages\/2616","targetHints":{"allow":["GET"]}}],"collection":[{"href":"https:\/\/xn--hotel-knigshof-1pb.de\/en\/wp-json\/wp\/v2\/pages"}],"about":[{"href":"https:\/\/xn--hotel-knigshof-1pb.de\/en\/wp-json\/wp\/v2\/types\/page"}],"author":[{"embeddable":true,"href":"https:\/\/xn--hotel-knigshof-1pb.de\/en\/wp-json\/wp\/v2\/users\/1"}],"replies":[{"embeddable":true,"href":"https:\/\/xn--hotel-knigshof-1pb.de\/en\/wp-json\/wp\/v2\/comments?post=2616"}],"version-history":[{"count":15,"href":"https:\/\/xn--hotel-knigshof-1pb.de\/en\/wp-json\/wp\/v2\/pages\/2616\/revisions"}],"predecessor-version":[{"id":5199,"href":"https:\/\/xn--hotel-knigshof-1pb.de\/en\/wp-json\/wp\/v2\/pages\/2616\/revisions\/5199"}],"wp:attachment":[{"href":"https:\/\/xn--hotel-knigshof-1pb.de\/en\/wp-json\/wp\/v2\/media?parent=2616"}],"curies":[{"name":"wp","href":"https:\/\/api.w.org\/{rel}","templated":true}]}}