{"id":2923,"date":"2024-06-25T09:28:47","date_gmt":"2024-06-25T09:28:47","guid":{"rendered":"https:\/\/xn--hotel-knigshof-1pb.de\/contact-us\/"},"modified":"2025-06-05T12:28:06","modified_gmt":"2025-06-05T12:28:06","slug":"contact-us","status":"publish","type":"page","link":"https:\/\/xn--hotel-knigshof-1pb.de\/en\/contact-us\/","title":{"rendered":"Contact us"},"content":{"rendered":"\t\t<div data-elementor-type=\"wp-page\" data-elementor-id=\"2923\" class=\"elementor elementor-2923 elementor-2890\" data-elementor-post-type=\"page\">\n\t\t\t\t<div class=\"elementor-element elementor-element-405a704 e-flex e-con-boxed e-con e-parent\" data-id=\"405a704\" data-element_type=\"container\" data-e-type=\"container\">\n\t\t\t\t\t<div class=\"e-con-inner\">\n\t\t<div class=\"elementor-element elementor-element-c46192f e-con-full e-flex e-con e-child\" data-id=\"c46192f\" data-element_type=\"container\" data-e-type=\"container\">\n\t\t\t\t<div class=\"elementor-element elementor-element-8c5143c elementor-widget elementor-widget-heading\" data-id=\"8c5143c\" data-element_type=\"widget\" data-e-type=\"widget\" id=\"id-inhalt\" tabindex=\"0\" data-widget_type=\"heading.default\">\n\t\t\t\t<div class=\"elementor-widget-container\">\n\t\t\t\t\t<h2 class=\"elementor-heading-title elementor-size-default\">CONTACT<\/h2>\t\t\t\t<\/div>\n\t\t\t\t<\/div>\n\t\t\t\t<div class=\"elementor-element elementor-element-4e13211 elementor-widget-divider--view-line elementor-widget elementor-widget-divider\" data-id=\"4e13211\" data-element_type=\"widget\" data-e-type=\"widget\" data-widget_type=\"divider.default\">\n\t\t\t\t<div class=\"elementor-widget-container\">\n\t\t\t\t\t\t\t<div class=\"elementor-divider\">\n\t\t\t<span class=\"elementor-divider-separator\">\n\t\t\t\t\t\t<\/span>\n\t\t<\/div>\n\t\t\t\t\t\t<\/div>\n\t\t\t\t<\/div>\n\t\t\t\t<\/div>\n\t\t\t\t\t<\/div>\n\t\t\t\t<\/div>\n\t\t<div class=\"elementor-element elementor-element-b83c0ea e-flex e-con-boxed e-con e-parent\" data-id=\"b83c0ea\" data-element_type=\"container\" data-e-type=\"container\">\n\t\t\t\t\t<div class=\"e-con-inner\">\n\t\t<div class=\"elementor-element elementor-element-5f4361b e-con-full e-flex elementor-invisible e-con e-child\" data-id=\"5f4361b\" data-element_type=\"container\" data-e-type=\"container\" data-settings=\"{&quot;animation_mobile&quot;:&quot;zoomIn&quot;,&quot;animation&quot;:&quot;zoomIn&quot;}\">\n\t\t\t\t<div class=\"elementor-element elementor-element-7b3b76d elementor-widget elementor-widget-text-editor\" data-id=\"7b3b76d\" data-element_type=\"widget\" data-e-type=\"widget\" id=\"id-inhalt\" tabindex=\"0\" data-widget_type=\"text-editor.default\">\n\t\t\t\t<div class=\"elementor-widget-container\">\n\t\t\t\t\t\t\t\t\t<div class=\"four columns\"><div class=\"gdlr-item gdlr-content-item\"><p><strong>AVALON Hotelpark K\u00f6nigshof<\/strong><br>Braunschweiger Stra\u00dfe 21a<br>D-38154 K\u00f6nigslutter<br>Tel. +49(0)5353-503-0<br>Fax +49(0)5353-503-244<br>E-Mail: <a href=\"mailto:info@hotelpark-koenigshof.de\">info@hotelpark-koenigshof.de<\/a> <\/p><p>Do you have any questions or requests?  <br>We are at your disposal:<\/p><p><strong>Pedro Navarro<\/strong> (Management)<br><a href=\"mailto:direktion@hotelpark-koenigshof.de\">direktion@hotelpark-koenigshof.de<\/a><\/p><p><strong>Gesa Zuehlsdorff<\/strong> (Personnel &amp; Accounts Receivable)<br><a href=\"mailto:personal@hotelpark-koenigshof.de\">personal@hotelpark-koenigshof.de<\/a><\/p><p><strong>Susanne Hensel<\/strong> (Accounts Payable)<br><a href=\"mailto:buchhaltung@hotelpark-koenigshof.de\">buchhaltung@hotelpark-koenigshof.de<\/a><\/p><p><strong>Mandy Wilkendorf<\/strong> (Reservations &amp; Reception)<br><a href=\"mailto:reservierung@hotelpark-koenigshof.de\">reservierung@hotelpark-koenigshof.de<\/a><\/p><p><strong>Astrid Heinert<\/strong> (Reservations &amp; Sales)<br><a href=\"mailto:marketing@hotelpark-koenigshof.de\">marketing@hotelpark-koenigshof.de<\/a><\/p><p><strong>Achim Vogel<\/strong> (kitchen)<br><a href=\"mailto:kueche@hotelpark-koenigshof.de\">kueche@hotelpark-koenigshof.de<\/a><\/p><p><strong>Nicole Brandt<\/strong> (housekeeper)<br><a href=\"mailto:housekeeping@hotelpark-koenigshof.de\">housekeeping@hotelpark-koenigshof.de<\/a><\/p><\/div><\/div>\t\t\t\t\t\t\t\t<\/div>\n\t\t\t\t<\/div>\n\t\t\t\t<\/div>\n\t\t<div class=\"elementor-element elementor-element-7bf9e0b e-con-full e-flex elementor-invisible e-con e-child\" data-id=\"7bf9e0b\" data-element_type=\"container\" data-e-type=\"container\" data-settings=\"{&quot;animation&quot;:&quot;zoomIn&quot;}\">\n\t\t\t\t<div class=\"elementor-element elementor-element-09933ba elementor-widget elementor-widget-image\" data-id=\"09933ba\" data-element_type=\"widget\" data-e-type=\"widget\" data-widget_type=\"image.default\">\n\t\t\t\t<div class=\"elementor-widget-container\">\n\t\t\t\t\t\t\t\t\t\t\t\t\t\t\t<img loading=\"lazy\" decoding=\"async\" width=\"750\" height=\"500\" src=\"https:\/\/xn--hotel-knigshof-1pb.de\/wp-content\/uploads\/2024\/05\/Rezeption-1.png\" class=\"attachment-full size-full wp-image-2523\" alt=\"Rezeption\" srcset=\"https:\/\/xn--hotel-knigshof-1pb.de\/wp-content\/uploads\/2024\/05\/Rezeption-1.png 750w, https:\/\/xn--hotel-knigshof-1pb.de\/wp-content\/uploads\/2024\/05\/Rezeption-1-300x200.png 300w\" sizes=\"auto, (max-width: 750px) 100vw, 750px\" \/>\t\t\t\t\t\t\t\t\t\t\t\t\t\t\t<\/div>\n\t\t\t\t<\/div>\n\t\t\t\t<div class=\"elementor-element elementor-element-58f0432 elementor-button-align-stretch elementor-widget elementor-widget-form\" data-id=\"58f0432\" data-element_type=\"widget\" data-e-type=\"widget\" data-settings=\"{&quot;button_width&quot;:&quot;20&quot;,&quot;step_next_label&quot;:&quot;Next&quot;,&quot;step_previous_label&quot;:&quot;Previous&quot;,&quot;step_type&quot;:&quot;number_text&quot;,&quot;step_icon_shape&quot;:&quot;circle&quot;}\" data-widget_type=\"form.default\">\n\t\t\t\t<div class=\"elementor-widget-container\">\n\t\t\t\t\t\t\t<form class=\"elementor-form\" method=\"post\" name=\"New form\" aria-label=\"New form\">\n\t\t\t<input type=\"hidden\" name=\"post_id\" value=\"2923\"\/>\n\t\t\t<input type=\"hidden\" name=\"form_id\" value=\"58f0432\"\/>\n\t\t\t<input type=\"hidden\" name=\"referer_title\" value=\"Hotel K\u00f6nigshof\" \/>\n\n\t\t\t\n\t\t\t<div class=\"elementor-form-fields-wrapper elementor-labels-above\">\n\t\t\t\t\t\t\t\t<div class=\"elementor-field-type-text elementor-field-group elementor-column elementor-field-group-name elementor-col-100 elementor-field-required elementor-mark-required\">\n\t\t\t\t\t\t\t\t\t\t\t\t<label for=\"form-field-name\" class=\"elementor-field-label\">\n\t\t\t\t\t\t\t\tName\t\t\t\t\t\t\t<\/label>\n\t\t\t\t\t\t\t\t\t\t\t\t\t\t<input size=\"1\" type=\"text\" name=\"form_fields[name]\" id=\"form-field-name\" class=\"elementor-field elementor-size-sm  elementor-field-textual\" required=\"required\">\n\t\t\t\t\t\t\t\t\t\t\t<\/div>\n\t\t\t\t\t\t\t\t<div class=\"elementor-field-type-email elementor-field-group elementor-column elementor-field-group-email elementor-col-100 elementor-field-required elementor-mark-required\">\n\t\t\t\t\t\t\t\t\t\t\t\t<label for=\"form-field-email\" class=\"elementor-field-label\">\n\t\t\t\t\t\t\t\te-mail\t\t\t\t\t\t\t<\/label>\n\t\t\t\t\t\t\t\t\t\t\t\t\t\t<input size=\"1\" type=\"email\" name=\"form_fields[email]\" id=\"form-field-email\" class=\"elementor-field elementor-size-sm  elementor-field-textual\" required=\"required\">\n\t\t\t\t\t\t\t\t\t\t\t<\/div>\n\t\t\t\t\t\t\t\t<div class=\"elementor-field-type-text elementor-field-group elementor-column elementor-field-group-message elementor-col-100\">\n\t\t\t\t\t\t\t\t\t\t\t\t<label for=\"form-field-message\" class=\"elementor-field-label\">\n\t\t\t\t\t\t\t\tSubject\t\t\t\t\t\t\t<\/label>\n\t\t\t\t\t\t\t\t\t\t\t\t\t\t<input size=\"1\" type=\"text\" name=\"form_fields[message]\" id=\"form-field-message\" class=\"elementor-field elementor-size-sm  elementor-field-textual\">\n\t\t\t\t\t\t\t\t\t\t\t<\/div>\n\t\t\t\t\t\t\t\t<div class=\"elementor-field-type-textarea elementor-field-group elementor-column elementor-field-group-field_7e2f06f elementor-col-100 elementor-field-required elementor-mark-required\">\n\t\t\t\t\t\t\t\t\t\t\t\t<label for=\"form-field-field_7e2f06f\" class=\"elementor-field-label\">\n\t\t\t\t\t\t\t\tMessage\t\t\t\t\t\t\t<\/label>\n\t\t\t\t\t\t<textarea class=\"elementor-field-textual elementor-field  elementor-size-sm\" name=\"form_fields[field_7e2f06f]\" id=\"form-field-field_7e2f06f\" rows=\"4\" required=\"required\"><\/textarea>\t\t\t\t<\/div>\n\t\t\t\t\t\t\t\t<div class=\"elementor-field-type-acceptance elementor-field-group elementor-column elementor-field-group-field_444cdb4 elementor-col-100 elementor-field-required elementor-mark-required\">\n\t\t\t\t\t\t\t\t\t\t\t\t<label for=\"form-field-field_444cdb4\" class=\"elementor-field-label\">\n\t\t\t\t\t\t\t\tDeclaration of consent\t\t\t\t\t\t\t<\/label>\n\t\t\t\t\t\t\t\t<div class=\"elementor-field-subgroup\">\n\t\t\t<span class=\"elementor-field-option\">\n\t\t\t\t<input type=\"checkbox\" name=\"form_fields[field_444cdb4]\" id=\"form-field-field_444cdb4\" class=\"elementor-field elementor-size-sm  elementor-acceptance-field\" required=\"required\">\n\t\t\t\t<label for=\"form-field-field_444cdb4\">By sending the form, you agree to our General Terms and Conditions, Cancellation Policy and Privacy Policy.<\/label>\t\t\t<\/span>\n\t\t<\/div>\n\t\t\t\t\t\t<\/div>\n\t\t\t\t\t\t\t\t<div class=\"elementor-field-type-text\">\n\t\t\t\t\t<input size=\"1\" type=\"text\" name=\"form_fields[field_8a47f90]\" id=\"form-field-field_8a47f90\" class=\"elementor-field elementor-size-sm \" style=\"display:none !important;\">\t\t\t\t<\/div>\n\t\t\t\t\t\t\t\t<div class=\"elementor-field-group elementor-column elementor-field-type-submit elementor-col-20 e-form__buttons\">\n\t\t\t\t\t<button class=\"elementor-button elementor-size-sm\" type=\"submit\">\n\t\t\t\t\t\t<span class=\"elementor-button-content-wrapper\">\n\t\t\t\t\t\t\t\t\t\t\t\t\t\t\t\t\t\t\t\t\t\t<span class=\"elementor-button-text\"><b>Send &gt;&gt;&gt;<\/b><\/span>\n\t\t\t\t\t\t\t\t\t\t\t\t\t<\/span>\n\t\t\t\t\t<\/button>\n\t\t\t\t<\/div>\n\t\t\t<\/div>\n\t\t<\/form>\n\t\t\t\t\t\t<\/div>\n\t\t\t\t<\/div>\n\t\t\t\t<\/div>\n\t\t\t\t\t<\/div>\n\t\t\t\t<\/div>\n\t\t<div class=\"elementor-element elementor-element-66c8892 e-flex e-con-boxed e-con e-parent\" data-id=\"66c8892\" data-element_type=\"container\" data-e-type=\"container\">\n\t\t\t\t\t<div class=\"e-con-inner\">\n\t\t<div class=\"elementor-element elementor-element-bb00819 e-con-full e-flex elementor-invisible e-con e-child\" data-id=\"bb00819\" data-element_type=\"container\" data-e-type=\"container\" data-settings=\"{&quot;animation&quot;:&quot;zoomIn&quot;}\">\n\t\t\t\t<div class=\"elementor-element elementor-element-c18b720 elementor-widget-divider--view-line elementor-widget elementor-widget-divider\" data-id=\"c18b720\" data-element_type=\"widget\" data-e-type=\"widget\" data-widget_type=\"divider.default\">\n\t\t\t\t<div class=\"elementor-widget-container\">\n\t\t\t\t\t\t\t<div class=\"elementor-divider\">\n\t\t\t<span class=\"elementor-divider-separator\">\n\t\t\t\t\t\t<\/span>\n\t\t<\/div>\n\t\t\t\t\t\t<\/div>\n\t\t\t\t<\/div>\n\t\t\t\t<\/div>\n\t\t\t\t\t<\/div>\n\t\t\t\t<\/div>\n\t\t\t\t<\/div>\n\t\t","protected":false},"excerpt":{"rendered":"<p>CONTACT AVALON Hotelpark K\u00f6nigshofBraunschweiger Stra\u00dfe 21aD-38154 K\u00f6nigslutterTel. +49(0)5353-503-0Fax +49(0)5353-503-244E-Mail: info@hotelpark-koenigshof.de Do you have any questions or requests? We are at [&hellip;]<\/p>\n","protected":false},"author":1,"featured_media":0,"parent":0,"menu_order":0,"comment_status":"closed","ping_status":"closed","template":"elementor_header_footer","meta":{"site-sidebar-layout":"no-sidebar","site-content-layout":"plain-container","ast-site-content-layout":"full-width-container","site-content-style":"default","site-sidebar-style":"default","ast-global-header-display":"","ast-banner-title-visibility":"","ast-main-header-display":"","ast-hfb-above-header-display":"","ast-hfb-below-header-display":"","ast-hfb-mobile-header-display":"","site-post-title":"disabled","ast-breadcrumbs-content":"","ast-featured-img":"disabled","footer-sml-layout":"","ast-disable-related-posts":"","theme-transparent-header-meta":"enabled","adv-header-id-meta":"","stick-header-meta":"","header-above-stick-meta":"","header-main-stick-meta":"","header-below-stick-meta":"","astra-migrate-meta-layouts":"default","ast-page-background-enabled":"default","ast-page-background-meta":{"desktop":{"background-color":"var(--ast-global-color-4)","background-image":"","background-repeat":"repeat","background-position":"center center","background-size":"auto","background-attachment":"scroll","background-type":"","background-media":"","overlay-type":"","overlay-color":"","overlay-opacity":"","overlay-gradient":""},"tablet":{"background-color":"","background-image":"","background-repeat":"repeat","background-position":"center center","background-size":"auto","background-attachment":"scroll","background-type":"","background-media":"","overlay-type":"","overlay-color":"","overlay-opacity":"","overlay-gradient":""},"mobile":{"background-color":"","background-image":"","background-repeat":"repeat","background-position":"center center","background-size":"auto","background-attachment":"scroll","background-type":"","background-media":"","overlay-type":"","overlay-color":"","overlay-opacity":"","overlay-gradient":""}},"ast-content-background-meta":{"desktop":{"background-color":"var(--ast-global-color-5)","background-image":"","background-repeat":"repeat","background-position":"center center","background-size":"auto","background-attachment":"scroll","background-type":"","background-media":"","overlay-type":"","overlay-color":"","overlay-opacity":"","overlay-gradient":""},"tablet":{"background-color":"var(--ast-global-color-5)","background-image":"","background-repeat":"repeat","background-position":"center center","background-size":"auto","background-attachment":"scroll","background-type":"","background-media":"","overlay-type":"","overlay-color":"","overlay-opacity":"","overlay-gradient":""},"mobile":{"background-color":"var(--ast-global-color-5)","background-image":"","background-repeat":"repeat","background-position":"center center","background-size":"auto","background-attachment":"scroll","background-type":"","background-media":"","overlay-type":"","overlay-color":"","overlay-opacity":"","overlay-gradient":""}},"footnotes":""},"class_list":["post-2923","page","type-page","status-publish","hentry"],"yoast_head":"<!-- This site is optimized with the Yoast SEO plugin v27.4 - https:\/\/yoast.com\/product\/yoast-seo-wordpress\/ -->\n<title>Contact the AVALON Hotel K\u00f6nigshof<\/title>\n<meta name=\"description\" content=\"Contact us: Please feel free to contact us with your questions and requests by phone, form or e-mail\" \/>\n<meta name=\"robots\" content=\"index, follow, max-snippet:-1, max-image-preview:large, max-video-preview:-1\" \/>\n<link rel=\"canonical\" href=\"https:\/\/xn--hotel-knigshof-1pb.de\/en\/contact-us\/\" \/>\n<meta property=\"og:locale\" content=\"en_US\" \/>\n<meta property=\"og:type\" content=\"article\" \/>\n<meta property=\"og:title\" content=\"Contact the AVALON Hotel K\u00f6nigshof\" \/>\n<meta property=\"og:description\" content=\"Contact us: Please feel free to contact us with your questions and requests by phone, form or e-mail\" \/>\n<meta property=\"og:url\" content=\"https:\/\/xn--hotel-knigshof-1pb.de\/en\/contact-us\/\" \/>\n<meta property=\"og:site_name\" content=\"Hotel K\u00f6nigshof\" \/>\n<meta property=\"article:modified_time\" content=\"2025-06-05T12:28:06+00:00\" \/>\n<meta property=\"og:image\" content=\"https:\/\/xn--hotel-knigshof-1pb.de\/wp-content\/uploads\/2024\/05\/Rezeption-1.png\" \/>\n\t<meta property=\"og:image:width\" content=\"750\" \/>\n\t<meta property=\"og:image:height\" content=\"500\" \/>\n\t<meta property=\"og:image:type\" content=\"image\/png\" \/>\n<meta name=\"twitter:card\" content=\"summary_large_image\" \/>\n<meta name=\"twitter:label1\" content=\"Est. reading time\" \/>\n\t<meta name=\"twitter:data1\" content=\"1 minute\" \/>\n<script type=\"application\/ld+json\" class=\"yoast-schema-graph\">{\"@context\":\"https:\\\/\\\/schema.org\",\"@graph\":[{\"@type\":\"WebPage\",\"@id\":\"https:\\\/\\\/xn--hotel-knigshof-1pb.de\\\/en\\\/contact-us\\\/\",\"url\":\"https:\\\/\\\/xn--hotel-knigshof-1pb.de\\\/en\\\/contact-us\\\/\",\"name\":\"Contact the AVALON Hotel K\u00f6nigshof\",\"isPartOf\":{\"@id\":\"https:\\\/\\\/xn--hotel-knigshof-1pb.de\\\/en\\\/#website\"},\"primaryImageOfPage\":{\"@id\":\"https:\\\/\\\/xn--hotel-knigshof-1pb.de\\\/en\\\/contact-us\\\/#primaryimage\"},\"image\":{\"@id\":\"https:\\\/\\\/xn--hotel-knigshof-1pb.de\\\/en\\\/contact-us\\\/#primaryimage\"},\"thumbnailUrl\":\"https:\\\/\\\/xn--hotel-knigshof-1pb.de\\\/wp-content\\\/uploads\\\/2024\\\/05\\\/Rezeption-1.png\",\"datePublished\":\"2024-06-25T09:28:47+00:00\",\"dateModified\":\"2025-06-05T12:28:06+00:00\",\"description\":\"Contact us: Please feel free to contact us with your questions and requests by phone, form or e-mail\",\"breadcrumb\":{\"@id\":\"https:\\\/\\\/xn--hotel-knigshof-1pb.de\\\/en\\\/contact-us\\\/#breadcrumb\"},\"inLanguage\":\"en-US\",\"potentialAction\":[{\"@type\":\"ReadAction\",\"target\":[\"https:\\\/\\\/xn--hotel-knigshof-1pb.de\\\/en\\\/contact-us\\\/\"]}]},{\"@type\":\"ImageObject\",\"inLanguage\":\"en-US\",\"@id\":\"https:\\\/\\\/xn--hotel-knigshof-1pb.de\\\/en\\\/contact-us\\\/#primaryimage\",\"url\":\"https:\\\/\\\/xn--hotel-knigshof-1pb.de\\\/wp-content\\\/uploads\\\/2024\\\/05\\\/Rezeption-1.png\",\"contentUrl\":\"https:\\\/\\\/xn--hotel-knigshof-1pb.de\\\/wp-content\\\/uploads\\\/2024\\\/05\\\/Rezeption-1.png\"},{\"@type\":\"BreadcrumbList\",\"@id\":\"https:\\\/\\\/xn--hotel-knigshof-1pb.de\\\/en\\\/contact-us\\\/#breadcrumb\",\"itemListElement\":[{\"@type\":\"ListItem\",\"position\":1,\"name\":\"Startseite\",\"item\":\"https:\\\/\\\/xn--hotel-knigshof-1pb.de\\\/en\\\/\"},{\"@type\":\"ListItem\",\"position\":2,\"name\":\"Contact us\"}]},{\"@type\":\"WebSite\",\"@id\":\"https:\\\/\\\/xn--hotel-knigshof-1pb.de\\\/en\\\/#website\",\"url\":\"https:\\\/\\\/xn--hotel-knigshof-1pb.de\\\/en\\\/\",\"name\":\"Hotel K\u00f6nigshof\",\"description\":\"Herzlich Willkommen im AVALON Hotel K\u00f6nigshof! In der historischen Kleinstadt K\u00f6nigslutter am Elm in S\u00fcdostniedersachsen finden Sie in ruhiger Lage ...\",\"publisher\":{\"@id\":\"https:\\\/\\\/xn--hotel-knigshof-1pb.de\\\/en\\\/#organization\"},\"potentialAction\":[{\"@type\":\"SearchAction\",\"target\":{\"@type\":\"EntryPoint\",\"urlTemplate\":\"https:\\\/\\\/xn--hotel-knigshof-1pb.de\\\/en\\\/?s={search_term_string}\"},\"query-input\":{\"@type\":\"PropertyValueSpecification\",\"valueRequired\":true,\"valueName\":\"search_term_string\"}}],\"inLanguage\":\"en-US\"},{\"@type\":\"Organization\",\"@id\":\"https:\\\/\\\/xn--hotel-knigshof-1pb.de\\\/en\\\/#organization\",\"name\":\"Hotel K\u00f6nigshof\",\"url\":\"https:\\\/\\\/xn--hotel-knigshof-1pb.de\\\/en\\\/\",\"logo\":{\"@type\":\"ImageObject\",\"inLanguage\":\"en-US\",\"@id\":\"https:\\\/\\\/xn--hotel-knigshof-1pb.de\\\/en\\\/#\\\/schema\\\/logo\\\/image\\\/\",\"url\":\"https:\\\/\\\/xn--hotel-knigshof-1pb.de\\\/wp-content\\\/uploads\\\/2024\\\/05\\\/cropped-Logo-Avalon-Hotel-Koenigshof.png\",\"contentUrl\":\"https:\\\/\\\/xn--hotel-knigshof-1pb.de\\\/wp-content\\\/uploads\\\/2024\\\/05\\\/cropped-Logo-Avalon-Hotel-Koenigshof.png\",\"width\":331,\"height\":200,\"caption\":\"Hotel K\u00f6nigshof\"},\"image\":{\"@id\":\"https:\\\/\\\/xn--hotel-knigshof-1pb.de\\\/en\\\/#\\\/schema\\\/logo\\\/image\\\/\"}}]}<\/script>\n<!-- \/ Yoast SEO plugin. -->","yoast_head_json":{"title":"Contact the AVALON Hotel K\u00f6nigshof","description":"Contact us: Please feel free to contact us with your questions and requests by phone, form or e-mail","robots":{"index":"index","follow":"follow","max-snippet":"max-snippet:-1","max-image-preview":"max-image-preview:large","max-video-preview":"max-video-preview:-1"},"canonical":"https:\/\/xn--hotel-knigshof-1pb.de\/en\/contact-us\/","og_locale":"en_US","og_type":"article","og_title":"Contact the AVALON Hotel K\u00f6nigshof","og_description":"Contact us: Please feel free to contact us with your questions and requests by phone, form or e-mail","og_url":"https:\/\/xn--hotel-knigshof-1pb.de\/en\/contact-us\/","og_site_name":"Hotel K\u00f6nigshof","article_modified_time":"2025-06-05T12:28:06+00:00","og_image":[{"width":750,"height":500,"url":"https:\/\/xn--hotel-knigshof-1pb.de\/wp-content\/uploads\/2024\/05\/Rezeption-1.png","type":"image\/png"}],"twitter_card":"summary_large_image","twitter_misc":{"Est. reading time":"1 minute"},"schema":{"@context":"https:\/\/schema.org","@graph":[{"@type":"WebPage","@id":"https:\/\/xn--hotel-knigshof-1pb.de\/en\/contact-us\/","url":"https:\/\/xn--hotel-knigshof-1pb.de\/en\/contact-us\/","name":"Contact the AVALON Hotel K\u00f6nigshof","isPartOf":{"@id":"https:\/\/xn--hotel-knigshof-1pb.de\/en\/#website"},"primaryImageOfPage":{"@id":"https:\/\/xn--hotel-knigshof-1pb.de\/en\/contact-us\/#primaryimage"},"image":{"@id":"https:\/\/xn--hotel-knigshof-1pb.de\/en\/contact-us\/#primaryimage"},"thumbnailUrl":"https:\/\/xn--hotel-knigshof-1pb.de\/wp-content\/uploads\/2024\/05\/Rezeption-1.png","datePublished":"2024-06-25T09:28:47+00:00","dateModified":"2025-06-05T12:28:06+00:00","description":"Contact us: Please feel free to contact us with your questions and requests by phone, form or e-mail","breadcrumb":{"@id":"https:\/\/xn--hotel-knigshof-1pb.de\/en\/contact-us\/#breadcrumb"},"inLanguage":"en-US","potentialAction":[{"@type":"ReadAction","target":["https:\/\/xn--hotel-knigshof-1pb.de\/en\/contact-us\/"]}]},{"@type":"ImageObject","inLanguage":"en-US","@id":"https:\/\/xn--hotel-knigshof-1pb.de\/en\/contact-us\/#primaryimage","url":"https:\/\/xn--hotel-knigshof-1pb.de\/wp-content\/uploads\/2024\/05\/Rezeption-1.png","contentUrl":"https:\/\/xn--hotel-knigshof-1pb.de\/wp-content\/uploads\/2024\/05\/Rezeption-1.png"},{"@type":"BreadcrumbList","@id":"https:\/\/xn--hotel-knigshof-1pb.de\/en\/contact-us\/#breadcrumb","itemListElement":[{"@type":"ListItem","position":1,"name":"Startseite","item":"https:\/\/xn--hotel-knigshof-1pb.de\/en\/"},{"@type":"ListItem","position":2,"name":"Contact us"}]},{"@type":"WebSite","@id":"https:\/\/xn--hotel-knigshof-1pb.de\/en\/#website","url":"https:\/\/xn--hotel-knigshof-1pb.de\/en\/","name":"Hotel K\u00f6nigshof","description":"Herzlich Willkommen im AVALON Hotel K\u00f6nigshof! In der historischen Kleinstadt K\u00f6nigslutter am Elm in S\u00fcdostniedersachsen finden Sie in ruhiger Lage ...","publisher":{"@id":"https:\/\/xn--hotel-knigshof-1pb.de\/en\/#organization"},"potentialAction":[{"@type":"SearchAction","target":{"@type":"EntryPoint","urlTemplate":"https:\/\/xn--hotel-knigshof-1pb.de\/en\/?s={search_term_string}"},"query-input":{"@type":"PropertyValueSpecification","valueRequired":true,"valueName":"search_term_string"}}],"inLanguage":"en-US"},{"@type":"Organization","@id":"https:\/\/xn--hotel-knigshof-1pb.de\/en\/#organization","name":"Hotel K\u00f6nigshof","url":"https:\/\/xn--hotel-knigshof-1pb.de\/en\/","logo":{"@type":"ImageObject","inLanguage":"en-US","@id":"https:\/\/xn--hotel-knigshof-1pb.de\/en\/#\/schema\/logo\/image\/","url":"https:\/\/xn--hotel-knigshof-1pb.de\/wp-content\/uploads\/2024\/05\/cropped-Logo-Avalon-Hotel-Koenigshof.png","contentUrl":"https:\/\/xn--hotel-knigshof-1pb.de\/wp-content\/uploads\/2024\/05\/cropped-Logo-Avalon-Hotel-Koenigshof.png","width":331,"height":200,"caption":"Hotel K\u00f6nigshof"},"image":{"@id":"https:\/\/xn--hotel-knigshof-1pb.de\/en\/#\/schema\/logo\/image\/"}}]}},"_links":{"self":[{"href":"https:\/\/xn--hotel-knigshof-1pb.de\/en\/wp-json\/wp\/v2\/pages\/2923","targetHints":{"allow":["GET"]}}],"collection":[{"href":"https:\/\/xn--hotel-knigshof-1pb.de\/en\/wp-json\/wp\/v2\/pages"}],"about":[{"href":"https:\/\/xn--hotel-knigshof-1pb.de\/en\/wp-json\/wp\/v2\/types\/page"}],"author":[{"embeddable":true,"href":"https:\/\/xn--hotel-knigshof-1pb.de\/en\/wp-json\/wp\/v2\/users\/1"}],"replies":[{"embeddable":true,"href":"https:\/\/xn--hotel-knigshof-1pb.de\/en\/wp-json\/wp\/v2\/comments?post=2923"}],"version-history":[{"count":25,"href":"https:\/\/xn--hotel-knigshof-1pb.de\/en\/wp-json\/wp\/v2\/pages\/2923\/revisions"}],"predecessor-version":[{"id":5174,"href":"https:\/\/xn--hotel-knigshof-1pb.de\/en\/wp-json\/wp\/v2\/pages\/2923\/revisions\/5174"}],"wp:attachment":[{"href":"https:\/\/xn--hotel-knigshof-1pb.de\/en\/wp-json\/wp\/v2\/media?parent=2923"}],"curies":[{"name":"wp","href":"https:\/\/api.w.org\/{rel}","templated":true}]}}