{"id":4864,"date":"2024-12-13T14:28:15","date_gmt":"2024-12-13T14:28:15","guid":{"rendered":"https:\/\/xn--hotel-knigshof-1pb.de\/vacancies\/"},"modified":"2026-03-15T10:07:05","modified_gmt":"2026-03-15T10:07:05","slug":"vacancies","status":"publish","type":"page","link":"https:\/\/xn--hotel-knigshof-1pb.de\/en\/vacancies\/","title":{"rendered":"Vacancies"},"content":{"rendered":"\t\t<div data-elementor-type=\"wp-page\" data-elementor-id=\"4864\" class=\"elementor elementor-4864 elementor-4828\" data-elementor-post-type=\"page\">\n\t\t\t\t<div class=\"elementor-element elementor-element-405a704 e-flex e-con-boxed e-con e-parent\" data-id=\"405a704\" data-element_type=\"container\" data-e-type=\"container\">\n\t\t\t\t\t<div class=\"e-con-inner\">\n\t\t<div class=\"elementor-element elementor-element-c46192f e-con-full e-flex e-con e-child\" data-id=\"c46192f\" data-element_type=\"container\" data-e-type=\"container\">\n\t\t\t\t<div class=\"elementor-element elementor-element-8c5143c elementor-widget elementor-widget-heading\" data-id=\"8c5143c\" data-element_type=\"widget\" data-e-type=\"widget\" id=\"id-inhalt\" tabindex=\"0\" data-widget_type=\"heading.default\">\n\t\t\t\t<div class=\"elementor-widget-container\">\n\t\t\t\t\t<h2 class=\"elementor-heading-title elementor-size-default\">JOB OFFERS<\/h2>\t\t\t\t<\/div>\n\t\t\t\t<\/div>\n\t\t\t\t<div class=\"elementor-element elementor-element-4e13211 elementor-widget-divider--view-line elementor-widget elementor-widget-divider\" data-id=\"4e13211\" data-element_type=\"widget\" data-e-type=\"widget\" data-widget_type=\"divider.default\">\n\t\t\t\t<div class=\"elementor-widget-container\">\n\t\t\t\t\t\t\t<div class=\"elementor-divider\">\n\t\t\t<span class=\"elementor-divider-separator\">\n\t\t\t\t\t\t<\/span>\n\t\t<\/div>\n\t\t\t\t\t\t<\/div>\n\t\t\t\t<\/div>\n\t\t\t\t<\/div>\n\t\t\t\t\t<\/div>\n\t\t\t\t<\/div>\n\t\t<div class=\"elementor-element elementor-element-b83c0ea e-flex e-con-boxed e-con e-parent\" data-id=\"b83c0ea\" data-element_type=\"container\" data-e-type=\"container\">\n\t\t\t\t\t<div class=\"e-con-inner\">\n\t\t<div class=\"elementor-element elementor-element-5f4361b e-con-full e-flex elementor-invisible e-con e-child\" data-id=\"5f4361b\" data-element_type=\"container\" data-e-type=\"container\" data-settings=\"{&quot;animation_mobile&quot;:&quot;zoomIn&quot;,&quot;animation&quot;:&quot;zoomIn&quot;}\">\n\t\t\t\t<div class=\"elementor-element elementor-element-7b3b76d elementor-widget elementor-widget-text-editor\" data-id=\"7b3b76d\" data-element_type=\"widget\" data-e-type=\"widget\" data-widget_type=\"text-editor.default\">\n\t\t\t\t<div class=\"elementor-widget-container\">\n\t\t\t\t\t\t\t\t\t<div class=\"four columns\"><div class=\"gdlr-item gdlr-content-item\"><p><strong>AVALON Hotelpark K\u00f6nigshof<\/strong><br>Braunschweiger Stra\u00dfe 21a<br>D-38154 K\u00f6nigslutter<br>Tel. +49(0)5353-503-0<br>Fax +49(0)5353-503-244<br>E-Mail: <a href=\"mailto:personal@hotelpark-koenigshof.de\">personal@hotelpark-koenigshof.de<\/a> <\/p><\/div><\/div>\t\t\t\t\t\t\t\t<\/div>\n\t\t\t\t<\/div>\n\t\t\t\t<\/div>\n\t\t<div class=\"elementor-element elementor-element-7bf9e0b e-con-full e-flex elementor-invisible e-con e-child\" data-id=\"7bf9e0b\" data-element_type=\"container\" data-e-type=\"container\" data-settings=\"{&quot;animation&quot;:&quot;zoomIn&quot;}\">\n\t\t\t\t<div class=\"elementor-element elementor-element-9ff194f elementor-widget elementor-widget-text-editor\" data-id=\"9ff194f\" data-element_type=\"widget\" data-e-type=\"widget\" id=\"id-inhalt\" tabindex=\"0\" data-widget_type=\"text-editor.default\">\n\t\t\t\t<div class=\"elementor-widget-container\">\n\t\t\t\t\t\t\t\t\t<h2><strong>Start your career in the catering and hotel industry with us!<\/strong><\/h2><p><strong><br>We are looking for you!<\/strong><br>Would you like to learn a profession that combines creativity, organization and teamwork? Are you motivated to inspire guests and are you looking for an exciting apprenticeship in a growing industry? Then you&#8217;ve come to the right place!  <\/p><p>We offer apprenticeships in the following areas from <strong>01.08.2026 <\/strong>:<\/p><ul><li><strong>Cook (m\/f\/d)<\/strong><\/li><\/ul><h4>What you can expect from us:<\/h4><ul><li><strong>Cook:<\/strong><br>Learn the secrets of the kitchen &#8211; from preparing regional and international dishes to product knowledge and menu design.<\/li><\/ul><h4><strong>What you bring with you:<\/strong><\/h4><ul><li>Enthusiasm for the catering and hotel industry<\/li><li>Enjoy dealing with people<\/li><li>Team spirit and commitment<\/li><li>A completed school education (at least secondary school leaving certificate)<\/li><li>Motivation to learn new things<\/li><\/ul><h4><strong>What we offer you:<\/strong><\/h4><ul><li>A varied and well-founded training program<\/li><li>Individual support and regular training<\/li><li>Excellent career opportunities in the hotel and catering industry<\/li><li>A friendly working atmosphere and a dedicated team<\/li><li>Attractive benefits<\/li><\/ul><h4><strong>How to apply:<\/strong><\/h4><p>Send us your detailed application with CV and last school report to:<\/p><p>E-mail: <a href=\"mailto:personal@hotelpark-koenigshof.de\">personal@hotelpark-koenigshof.de<\/a><\/p><p><strong>We look forward to getting to know you and starting your professional future together!<\/strong><\/p>\t\t\t\t\t\t\t\t<\/div>\n\t\t\t\t<\/div>\n\t\t\t\t<\/div>\n\t\t\t\t\t<\/div>\n\t\t\t\t<\/div>\n\t\t<div class=\"elementor-element elementor-element-66c8892 e-flex e-con-boxed e-con e-parent\" data-id=\"66c8892\" data-element_type=\"container\" data-e-type=\"container\">\n\t\t\t\t\t<div class=\"e-con-inner\">\n\t\t<div class=\"elementor-element elementor-element-bb00819 e-con-full e-flex elementor-invisible e-con e-child\" data-id=\"bb00819\" data-element_type=\"container\" data-e-type=\"container\" data-settings=\"{&quot;animation&quot;:&quot;zoomIn&quot;}\">\n\t\t\t\t<div class=\"elementor-element elementor-element-c18b720 elementor-widget-divider--view-line elementor-widget elementor-widget-divider\" data-id=\"c18b720\" data-element_type=\"widget\" data-e-type=\"widget\" data-widget_type=\"divider.default\">\n\t\t\t\t<div class=\"elementor-widget-container\">\n\t\t\t\t\t\t\t<div class=\"elementor-divider\">\n\t\t\t<span class=\"elementor-divider-separator\">\n\t\t\t\t\t\t<\/span>\n\t\t<\/div>\n\t\t\t\t\t\t<\/div>\n\t\t\t\t<\/div>\n\t\t\t\t<\/div>\n\t\t\t\t\t<\/div>\n\t\t\t\t<\/div>\n\t\t\t\t<\/div>\n\t\t","protected":false},"excerpt":{"rendered":"<p>JOB OFFERS AVALON Hotelpark K\u00f6nigshofBraunschweiger Stra\u00dfe 21aD-38154 K\u00f6nigslutterTel. +49(0)5353-503-0Fax +49(0)5353-503-244E-Mail: personal@hotelpark-koenigshof.de Start your career in the catering and hotel industry [&hellip;]<\/p>\n","protected":false},"author":1,"featured_media":0,"parent":0,"menu_order":0,"comment_status":"closed","ping_status":"closed","template":"elementor_header_footer","meta":{"site-sidebar-layout":"no-sidebar","site-content-layout":"plain-container","ast-site-content-layout":"full-width-container","site-content-style":"default","site-sidebar-style":"default","ast-global-header-display":"","ast-banner-title-visibility":"","ast-main-header-display":"","ast-hfb-above-header-display":"","ast-hfb-below-header-display":"","ast-hfb-mobile-header-display":"","site-post-title":"disabled","ast-breadcrumbs-content":"","ast-featured-img":"disabled","footer-sml-layout":"","ast-disable-related-posts":"","theme-transparent-header-meta":"enabled","adv-header-id-meta":"","stick-header-meta":"","header-above-stick-meta":"","header-main-stick-meta":"","header-below-stick-meta":"","astra-migrate-meta-layouts":"default","ast-page-background-enabled":"default","ast-page-background-meta":{"desktop":{"background-color":"var(--ast-global-color-4)","background-image":"","background-repeat":"repeat","background-position":"center center","background-size":"auto","background-attachment":"scroll","background-type":"","background-media":"","overlay-type":"","overlay-color":"","overlay-opacity":"","overlay-gradient":""},"tablet":{"background-color":"","background-image":"","background-repeat":"repeat","background-position":"center center","background-size":"auto","background-attachment":"scroll","background-type":"","background-media":"","overlay-type":"","overlay-color":"","overlay-opacity":"","overlay-gradient":""},"mobile":{"background-color":"","background-image":"","background-repeat":"repeat","background-position":"center center","background-size":"auto","background-attachment":"scroll","background-type":"","background-media":"","overlay-type":"","overlay-color":"","overlay-opacity":"","overlay-gradient":""}},"ast-content-background-meta":{"desktop":{"background-color":"var(--ast-global-color-5)","background-image":"","background-repeat":"repeat","background-position":"center center","background-size":"auto","background-attachment":"scroll","background-type":"","background-media":"","overlay-type":"","overlay-color":"","overlay-opacity":"","overlay-gradient":""},"tablet":{"background-color":"var(--ast-global-color-5)","background-image":"","background-repeat":"repeat","background-position":"center center","background-size":"auto","background-attachment":"scroll","background-type":"","background-media":"","overlay-type":"","overlay-color":"","overlay-opacity":"","overlay-gradient":""},"mobile":{"background-color":"var(--ast-global-color-5)","background-image":"","background-repeat":"repeat","background-position":"center center","background-size":"auto","background-attachment":"scroll","background-type":"","background-media":"","overlay-type":"","overlay-color":"","overlay-opacity":"","overlay-gradient":""}},"footnotes":""},"class_list":["post-4864","page","type-page","status-publish","hentry"],"yoast_head":"<!-- This site is optimized with the Yoast SEO plugin v27.4 - https:\/\/yoast.com\/product\/yoast-seo-wordpress\/ -->\n<title>Contact the AVALON Hotel K\u00f6nigshof<\/title>\n<meta name=\"description\" content=\"Contact us: Please feel free to contact us with your questions and requests by phone, form or e-mail\" \/>\n<meta name=\"robots\" content=\"index, follow, max-snippet:-1, max-image-preview:large, max-video-preview:-1\" \/>\n<link rel=\"canonical\" href=\"https:\/\/xn--hotel-knigshof-1pb.de\/en\/vacancies\/\" \/>\n<meta property=\"og:locale\" content=\"en_US\" \/>\n<meta property=\"og:type\" content=\"article\" \/>\n<meta property=\"og:title\" content=\"Contact the AVALON Hotel K\u00f6nigshof\" \/>\n<meta property=\"og:description\" content=\"Contact us: Please feel free to contact us with your questions and requests by phone, form or e-mail\" \/>\n<meta property=\"og:url\" content=\"https:\/\/xn--hotel-knigshof-1pb.de\/en\/vacancies\/\" \/>\n<meta property=\"og:site_name\" content=\"Hotel K\u00f6nigshof\" \/>\n<meta property=\"article:modified_time\" content=\"2026-03-15T10:07:05+00:00\" \/>\n<meta name=\"twitter:card\" content=\"summary_large_image\" \/>\n<meta name=\"twitter:label1\" content=\"Est. reading time\" \/>\n\t<meta name=\"twitter:data1\" content=\"1 minute\" \/>\n<script type=\"application\/ld+json\" class=\"yoast-schema-graph\">{\"@context\":\"https:\\\/\\\/schema.org\",\"@graph\":[{\"@type\":\"WebPage\",\"@id\":\"https:\\\/\\\/xn--hotel-knigshof-1pb.de\\\/en\\\/vacancies\\\/\",\"url\":\"https:\\\/\\\/xn--hotel-knigshof-1pb.de\\\/en\\\/vacancies\\\/\",\"name\":\"Contact the AVALON Hotel K\u00f6nigshof\",\"isPartOf\":{\"@id\":\"https:\\\/\\\/xn--hotel-knigshof-1pb.de\\\/en\\\/#website\"},\"datePublished\":\"2024-12-13T14:28:15+00:00\",\"dateModified\":\"2026-03-15T10:07:05+00:00\",\"description\":\"Contact us: Please feel free to contact us with your questions and requests by phone, form or e-mail\",\"breadcrumb\":{\"@id\":\"https:\\\/\\\/xn--hotel-knigshof-1pb.de\\\/en\\\/vacancies\\\/#breadcrumb\"},\"inLanguage\":\"en-US\",\"potentialAction\":[{\"@type\":\"ReadAction\",\"target\":[\"https:\\\/\\\/xn--hotel-knigshof-1pb.de\\\/en\\\/vacancies\\\/\"]}]},{\"@type\":\"BreadcrumbList\",\"@id\":\"https:\\\/\\\/xn--hotel-knigshof-1pb.de\\\/en\\\/vacancies\\\/#breadcrumb\",\"itemListElement\":[{\"@type\":\"ListItem\",\"position\":1,\"name\":\"Startseite\",\"item\":\"https:\\\/\\\/xn--hotel-knigshof-1pb.de\\\/en\\\/\"},{\"@type\":\"ListItem\",\"position\":2,\"name\":\"Vacancies\"}]},{\"@type\":\"WebSite\",\"@id\":\"https:\\\/\\\/xn--hotel-knigshof-1pb.de\\\/en\\\/#website\",\"url\":\"https:\\\/\\\/xn--hotel-knigshof-1pb.de\\\/en\\\/\",\"name\":\"Hotel K\u00f6nigshof\",\"description\":\"Herzlich Willkommen im AVALON Hotel K\u00f6nigshof! In der historischen Kleinstadt K\u00f6nigslutter am Elm in S\u00fcdostniedersachsen finden Sie in ruhiger Lage ...\",\"publisher\":{\"@id\":\"https:\\\/\\\/xn--hotel-knigshof-1pb.de\\\/en\\\/#organization\"},\"potentialAction\":[{\"@type\":\"SearchAction\",\"target\":{\"@type\":\"EntryPoint\",\"urlTemplate\":\"https:\\\/\\\/xn--hotel-knigshof-1pb.de\\\/en\\\/?s={search_term_string}\"},\"query-input\":{\"@type\":\"PropertyValueSpecification\",\"valueRequired\":true,\"valueName\":\"search_term_string\"}}],\"inLanguage\":\"en-US\"},{\"@type\":\"Organization\",\"@id\":\"https:\\\/\\\/xn--hotel-knigshof-1pb.de\\\/en\\\/#organization\",\"name\":\"Hotel K\u00f6nigshof\",\"url\":\"https:\\\/\\\/xn--hotel-knigshof-1pb.de\\\/en\\\/\",\"logo\":{\"@type\":\"ImageObject\",\"inLanguage\":\"en-US\",\"@id\":\"https:\\\/\\\/xn--hotel-knigshof-1pb.de\\\/en\\\/#\\\/schema\\\/logo\\\/image\\\/\",\"url\":\"https:\\\/\\\/xn--hotel-knigshof-1pb.de\\\/wp-content\\\/uploads\\\/2024\\\/05\\\/cropped-Logo-Avalon-Hotel-Koenigshof.png\",\"contentUrl\":\"https:\\\/\\\/xn--hotel-knigshof-1pb.de\\\/wp-content\\\/uploads\\\/2024\\\/05\\\/cropped-Logo-Avalon-Hotel-Koenigshof.png\",\"width\":331,\"height\":200,\"caption\":\"Hotel K\u00f6nigshof\"},\"image\":{\"@id\":\"https:\\\/\\\/xn--hotel-knigshof-1pb.de\\\/en\\\/#\\\/schema\\\/logo\\\/image\\\/\"}}]}<\/script>\n<!-- \/ Yoast SEO plugin. -->","yoast_head_json":{"title":"Contact the AVALON Hotel K\u00f6nigshof","description":"Contact us: Please feel free to contact us with your questions and requests by phone, form or e-mail","robots":{"index":"index","follow":"follow","max-snippet":"max-snippet:-1","max-image-preview":"max-image-preview:large","max-video-preview":"max-video-preview:-1"},"canonical":"https:\/\/xn--hotel-knigshof-1pb.de\/en\/vacancies\/","og_locale":"en_US","og_type":"article","og_title":"Contact the AVALON Hotel K\u00f6nigshof","og_description":"Contact us: Please feel free to contact us with your questions and requests by phone, form or e-mail","og_url":"https:\/\/xn--hotel-knigshof-1pb.de\/en\/vacancies\/","og_site_name":"Hotel K\u00f6nigshof","article_modified_time":"2026-03-15T10:07:05+00:00","twitter_card":"summary_large_image","twitter_misc":{"Est. reading time":"1 minute"},"schema":{"@context":"https:\/\/schema.org","@graph":[{"@type":"WebPage","@id":"https:\/\/xn--hotel-knigshof-1pb.de\/en\/vacancies\/","url":"https:\/\/xn--hotel-knigshof-1pb.de\/en\/vacancies\/","name":"Contact the AVALON Hotel K\u00f6nigshof","isPartOf":{"@id":"https:\/\/xn--hotel-knigshof-1pb.de\/en\/#website"},"datePublished":"2024-12-13T14:28:15+00:00","dateModified":"2026-03-15T10:07:05+00:00","description":"Contact us: Please feel free to contact us with your questions and requests by phone, form or e-mail","breadcrumb":{"@id":"https:\/\/xn--hotel-knigshof-1pb.de\/en\/vacancies\/#breadcrumb"},"inLanguage":"en-US","potentialAction":[{"@type":"ReadAction","target":["https:\/\/xn--hotel-knigshof-1pb.de\/en\/vacancies\/"]}]},{"@type":"BreadcrumbList","@id":"https:\/\/xn--hotel-knigshof-1pb.de\/en\/vacancies\/#breadcrumb","itemListElement":[{"@type":"ListItem","position":1,"name":"Startseite","item":"https:\/\/xn--hotel-knigshof-1pb.de\/en\/"},{"@type":"ListItem","position":2,"name":"Vacancies"}]},{"@type":"WebSite","@id":"https:\/\/xn--hotel-knigshof-1pb.de\/en\/#website","url":"https:\/\/xn--hotel-knigshof-1pb.de\/en\/","name":"Hotel K\u00f6nigshof","description":"Herzlich Willkommen im AVALON Hotel K\u00f6nigshof! In der historischen Kleinstadt K\u00f6nigslutter am Elm in S\u00fcdostniedersachsen finden Sie in ruhiger Lage ...","publisher":{"@id":"https:\/\/xn--hotel-knigshof-1pb.de\/en\/#organization"},"potentialAction":[{"@type":"SearchAction","target":{"@type":"EntryPoint","urlTemplate":"https:\/\/xn--hotel-knigshof-1pb.de\/en\/?s={search_term_string}"},"query-input":{"@type":"PropertyValueSpecification","valueRequired":true,"valueName":"search_term_string"}}],"inLanguage":"en-US"},{"@type":"Organization","@id":"https:\/\/xn--hotel-knigshof-1pb.de\/en\/#organization","name":"Hotel K\u00f6nigshof","url":"https:\/\/xn--hotel-knigshof-1pb.de\/en\/","logo":{"@type":"ImageObject","inLanguage":"en-US","@id":"https:\/\/xn--hotel-knigshof-1pb.de\/en\/#\/schema\/logo\/image\/","url":"https:\/\/xn--hotel-knigshof-1pb.de\/wp-content\/uploads\/2024\/05\/cropped-Logo-Avalon-Hotel-Koenigshof.png","contentUrl":"https:\/\/xn--hotel-knigshof-1pb.de\/wp-content\/uploads\/2024\/05\/cropped-Logo-Avalon-Hotel-Koenigshof.png","width":331,"height":200,"caption":"Hotel K\u00f6nigshof"},"image":{"@id":"https:\/\/xn--hotel-knigshof-1pb.de\/en\/#\/schema\/logo\/image\/"}}]}},"_links":{"self":[{"href":"https:\/\/xn--hotel-knigshof-1pb.de\/en\/wp-json\/wp\/v2\/pages\/4864","targetHints":{"allow":["GET"]}}],"collection":[{"href":"https:\/\/xn--hotel-knigshof-1pb.de\/en\/wp-json\/wp\/v2\/pages"}],"about":[{"href":"https:\/\/xn--hotel-knigshof-1pb.de\/en\/wp-json\/wp\/v2\/types\/page"}],"author":[{"embeddable":true,"href":"https:\/\/xn--hotel-knigshof-1pb.de\/en\/wp-json\/wp\/v2\/users\/1"}],"replies":[{"embeddable":true,"href":"https:\/\/xn--hotel-knigshof-1pb.de\/en\/wp-json\/wp\/v2\/comments?post=4864"}],"version-history":[{"count":3,"href":"https:\/\/xn--hotel-knigshof-1pb.de\/en\/wp-json\/wp\/v2\/pages\/4864\/revisions"}],"predecessor-version":[{"id":5287,"href":"https:\/\/xn--hotel-knigshof-1pb.de\/en\/wp-json\/wp\/v2\/pages\/4864\/revisions\/5287"}],"wp:attachment":[{"href":"https:\/\/xn--hotel-knigshof-1pb.de\/en\/wp-json\/wp\/v2\/media?parent=4864"}],"curies":[{"name":"wp","href":"https:\/\/api.w.org\/{rel}","templated":true}]}}