{"id":5604,"date":"2026-03-15T10:36:30","date_gmt":"2026-03-15T10:36:30","guid":{"rendered":"https:\/\/xn--hotel-knigshof-1pb.de\/gastronomy\/culinary-calendar\/"},"modified":"2026-03-16T07:42:19","modified_gmt":"2026-03-16T07:42:19","slug":"culinary-calendar","status":"publish","type":"page","link":"https:\/\/xn--hotel-knigshof-1pb.de\/en\/gastronomy\/culinary-calendar\/","title":{"rendered":"Culinary calendar"},"content":{"rendered":"\t\t<div data-elementor-type=\"wp-page\" data-elementor-id=\"5604\" class=\"elementor elementor-5604 elementor-5386\" data-elementor-post-type=\"page\">\n\t\t\t\t<div class=\"elementor-element elementor-element-968eb9b e-flex e-con-boxed e-con e-parent\" data-id=\"968eb9b\" data-element_type=\"container\" data-e-type=\"container\">\n\t\t\t\t\t<div class=\"e-con-inner\">\n\t\t<div class=\"elementor-element elementor-element-72dd804 e-con-full e-flex e-con e-child\" data-id=\"72dd804\" data-element_type=\"container\" data-e-type=\"container\">\n\t\t\t\t<div class=\"elementor-element elementor-element-b891d5d elementor-widget elementor-widget-heading\" data-id=\"b891d5d\" data-element_type=\"widget\" data-e-type=\"widget\" tabindex=\"0\" data-widget_type=\"heading.default\">\n\t\t\t\t<div class=\"elementor-widget-container\">\n\t\t\t\t\t<h2 class=\"elementor-heading-title elementor-size-default\">Culinary calendar 2026  <\/h2>\t\t\t\t<\/div>\n\t\t\t\t<\/div>\n\t\t\t\t<div class=\"elementor-element elementor-element-6fb7fcf elementor-widget-divider--view-line elementor-widget elementor-widget-divider\" data-id=\"6fb7fcf\" data-element_type=\"widget\" data-e-type=\"widget\" data-widget_type=\"divider.default\">\n\t\t\t\t<div class=\"elementor-widget-container\">\n\t\t\t\t\t\t\t<div class=\"elementor-divider\">\n\t\t\t<span class=\"elementor-divider-separator\">\n\t\t\t\t\t\t<\/span>\n\t\t<\/div>\n\t\t\t\t\t\t<\/div>\n\t\t\t\t<\/div>\n\t\t\t\t<\/div>\n\t\t<div class=\"elementor-element elementor-element-abbbd64 e-con-full e-flex elementor-invisible e-con e-child\" data-id=\"abbbd64\" data-element_type=\"container\" data-e-type=\"container\" data-settings=\"{&quot;animation&quot;:&quot;zoomIn&quot;}\">\n\t\t\t\t<div class=\"elementor-element elementor-element-32fbaaf elementor-widget elementor-widget-text-editor\" data-id=\"32fbaaf\" data-element_type=\"widget\" data-e-type=\"widget\" tabindex=\"0\" data-widget_type=\"text-editor.default\">\n\t\t\t\t<div class=\"elementor-widget-container\">\n\t\t\t\t\t\t\t\t\t<p style=\"text-align: center;\">The culinary calendar offers you special culinary events and changing moments of pleasure throughout the year. Seasonal theme evenings, specialty weeks and selected gourmet offers regularly provide new taste experiences. So every visit to the AVALON Hotel K\u00f6nigshof is something special in culinary terms too.  <\/p>\t\t\t\t\t\t\t\t<\/div>\n\t\t\t\t<\/div>\n\t\t\t\t<\/div>\n\t\t\t\t\t<\/div>\n\t\t\t\t<\/div>\n\t\t<div class=\"elementor-element elementor-element-f8d61df e-con-full e-flex e-con e-parent\" data-id=\"f8d61df\" data-element_type=\"container\" data-e-type=\"container\" data-settings=\"{&quot;background_background&quot;:&quot;classic&quot;}\">\n\t\t<div class=\"elementor-element elementor-element-b066b70 e-flex e-con-boxed e-con e-child\" data-id=\"b066b70\" data-element_type=\"container\" data-e-type=\"container\" data-settings=\"{&quot;background_background&quot;:&quot;classic&quot;}\">\n\t\t\t\t\t<div class=\"e-con-inner\">\n\t\t<div class=\"elementor-element elementor-element-d4af0e6 e-con-full e-flex elementor-invisible e-con e-child\" data-id=\"d4af0e6\" data-element_type=\"container\" data-e-type=\"container\" data-settings=\"{&quot;animation&quot;:&quot;zoomIn&quot;}\">\n\t\t\t\t<div class=\"elementor-element elementor-element-7d51168 elementor-widget elementor-widget-text-editor\" data-id=\"7d51168\" data-element_type=\"widget\" data-e-type=\"widget\" tabindex=\"0\" data-widget_type=\"text-editor.default\">\n\t\t\t\t<div class=\"elementor-widget-container\">\n\t\t\t\t\t\t\t\t\t<h3 class=\"elementor-slide-description\" style=\"text-align: center;\"><span style=\"color: #3c3c3b;\">Culinary calendar to flip through<\/span><\/h3>\t\t\t\t\t\t\t\t<\/div>\n\t\t\t\t<\/div>\n\t\t\t\t<div class=\"elementor-element elementor-element-7012be9 elementor-widget elementor-widget-shortcode\" data-id=\"7012be9\" data-element_type=\"widget\" data-e-type=\"widget\" data-widget_type=\"shortcode.default\">\n\t\t\t\t<div class=\"elementor-widget-container\">\n\t\t\t\t\t\t\t<div class=\"elementor-shortcode\"><div class=\"_df_thumb \" id=\"df_5257\"  _slug=\"5257\" data-title=\"kulinarischer-kalender\" wpoptions=\"true\" thumb=\"https:\/\/xn--hotel-knigshof-1pb.de\/wp-content\/uploads\/2026\/02\/Kulinarischer-Kalender-2026-Titel.jpg\" thumbtype=\"\" >Kulinarischer Kalender<\/div><script class=\"df-shortcode-script\" nowprocket type=\"application\/javascript\">window.option_df_5257 = {\"outline\":[],\"autoEnableOutline\":\"false\",\"autoEnableThumbnail\":\"false\",\"overwritePDFOutline\":\"false\",\"direction\":\"1\",\"pageSize\":\"0\",\"source\":\"https:\\\/\\\/xn--hotel-knigshof-1pb.de\\\/wp-content\\\/uploads\\\/2026\\\/02\\\/Kulinarischer-Kalender-2026.pdf\",\"wpOptions\":\"true\"}; if(window.DFLIP && window.DFLIP.parseBooks){window.DFLIP.parseBooks();}<\/script> <\/div>\n\t\t\t\t\t\t<\/div>\n\t\t\t\t<\/div>\n\t\t\t\t<\/div>\n\t\t\t\t\t<\/div>\n\t\t\t\t<\/div>\n\t\t\t\t<\/div>\n\t\t<div class=\"elementor-element elementor-element-141be24 e-flex e-con-boxed elementor-invisible e-con e-parent\" data-id=\"141be24\" data-element_type=\"container\" data-e-type=\"container\" data-settings=\"{&quot;animation&quot;:&quot;zoomIn&quot;}\">\n\t\t\t\t\t<div class=\"e-con-inner\">\n\t\t<div class=\"elementor-element elementor-element-5d6e767 e-con-full e-flex e-con e-child\" data-id=\"5d6e767\" data-element_type=\"container\" data-e-type=\"container\">\n\t\t\t\t<div class=\"elementor-element elementor-element-e8d2be4 elementor-widget-divider--view-line elementor-widget elementor-widget-divider\" data-id=\"e8d2be4\" data-element_type=\"widget\" data-e-type=\"widget\" data-widget_type=\"divider.default\">\n\t\t\t\t<div class=\"elementor-widget-container\">\n\t\t\t\t\t\t\t<div class=\"elementor-divider\">\n\t\t\t<span class=\"elementor-divider-separator\">\n\t\t\t\t\t\t<\/span>\n\t\t<\/div>\n\t\t\t\t\t\t<\/div>\n\t\t\t\t<\/div>\n\t\t\t\t<\/div>\n\t\t\t\t\t<\/div>\n\t\t\t\t<\/div>\n\t\t<div class=\"elementor-element elementor-element-b2f40ff e-flex e-con-boxed e-con e-parent\" data-id=\"b2f40ff\" data-element_type=\"container\" data-e-type=\"container\">\n\t\t\t\t\t<div class=\"e-con-inner\">\n\t\t<div class=\"elementor-element elementor-element-0cfa8d2 e-con-full e-flex elementor-invisible e-con e-child\" data-id=\"0cfa8d2\" data-element_type=\"container\" data-e-type=\"container\" data-settings=\"{&quot;animation&quot;:&quot;zoomIn&quot;}\">\n\t\t\t\t<div class=\"elementor-element elementor-element-b9cdadf elementor-widget elementor-widget-template\" data-id=\"b9cdadf\" data-element_type=\"widget\" data-e-type=\"widget\" data-widget_type=\"template.default\">\n\t\t\t\t<div class=\"elementor-widget-container\">\n\t\t\t\t\t\t\t<div class=\"elementor-template\">\n\t\t\t\t\t<div data-elementor-type=\"section\" data-elementor-id=\"5409\" class=\"elementor elementor-5409\" data-elementor-post-type=\"elementor_library\">\n\t\t\t<div class=\"elementor-element elementor-element-076f78c e-flex e-con-boxed e-con e-parent\" data-id=\"076f78c\" data-element_type=\"container\" data-e-type=\"container\" data-settings=\"{&quot;background_background&quot;:&quot;gradient&quot;}\">\n\t\t\t\t\t<div class=\"e-con-inner\">\n\t\t<div class=\"elementor-element elementor-element-6938695 e-con-full e-flex e-con e-child\" data-id=\"6938695\" data-element_type=\"container\" data-e-type=\"container\">\n\t\t\t\t<div class=\"elementor-element elementor-element-8b91810 elementor-nav-menu__align-center elementor-nav-menu--dropdown-none elementor-widget-mobile__width-inherit elementor-widget elementor-widget-nav-menu\" data-id=\"8b91810\" data-element_type=\"widget\" data-e-type=\"widget\" data-settings=\"{&quot;submenu_icon&quot;:{&quot;value&quot;:&quot;&lt;i aria-hidden=\\&quot;true\\&quot; class=\\&quot;\\&quot;&gt;&lt;\\\/i&gt;&quot;,&quot;library&quot;:&quot;&quot;},&quot;layout&quot;:&quot;horizontal&quot;}\" data-widget_type=\"nav-menu.default\">\n\t\t\t\t<div class=\"elementor-widget-container\">\n\t\t\t\t\t\t\t\t<nav aria-label=\"Men\u00fc\" class=\"elementor-nav-menu--main elementor-nav-menu__container elementor-nav-menu--layout-horizontal e--pointer-underline e--animation-fade\">\n\t\t\t\t<ul id=\"menu-1-8b91810\" class=\"elementor-nav-menu\"><li class=\"menu-item menu-item-type-post_type menu-item-object-page menu-item-5441\"><a href=\"https:\/\/xn--hotel-knigshof-1pb.de\/gastronomie\/restaurant-merlin\/\" class=\"elementor-item menu-link\">Restaurant MERLIN<\/a><\/li>\n<li class=\"menu-item menu-item-type-post_type menu-item-object-page menu-item-5398\"><a href=\"https:\/\/xn--hotel-knigshof-1pb.de\/gastronomie\/kulinarischer-kalender\/\" class=\"elementor-item menu-link\">Culinary calendar<\/a><\/li>\n<li class=\"menu-item menu-item-type-post_type menu-item-object-page menu-item-5372\"><a href=\"https:\/\/xn--hotel-knigshof-1pb.de\/gastronomie\/avalon-brunch\/\" class=\"elementor-item menu-link\">AVALON Brunch<\/a><\/li>\n<li class=\"menu-item menu-item-type-post_type menu-item-object-page menu-item-5465\"><a href=\"https:\/\/xn--hotel-knigshof-1pb.de\/gastronomie\/familienfeier-hochzeiten\/\" class=\"elementor-item menu-link\">Family celebrations &amp; weddings<\/a><\/li>\n<\/ul>\t\t\t<\/nav>\n\t\t\t\t\t\t<nav class=\"elementor-nav-menu--dropdown elementor-nav-menu__container\" aria-hidden=\"true\">\n\t\t\t\t<ul id=\"menu-2-8b91810\" class=\"elementor-nav-menu\"><li class=\"menu-item menu-item-type-post_type menu-item-object-page menu-item-5441\"><a href=\"https:\/\/xn--hotel-knigshof-1pb.de\/gastronomie\/restaurant-merlin\/\" class=\"elementor-item menu-link\" tabindex=\"-1\">Restaurant MERLIN<\/a><\/li>\n<li class=\"menu-item menu-item-type-post_type menu-item-object-page menu-item-5398\"><a href=\"https:\/\/xn--hotel-knigshof-1pb.de\/gastronomie\/kulinarischer-kalender\/\" class=\"elementor-item menu-link\" tabindex=\"-1\">Culinary calendar<\/a><\/li>\n<li class=\"menu-item menu-item-type-post_type menu-item-object-page menu-item-5372\"><a href=\"https:\/\/xn--hotel-knigshof-1pb.de\/gastronomie\/avalon-brunch\/\" class=\"elementor-item menu-link\" tabindex=\"-1\">AVALON Brunch<\/a><\/li>\n<li class=\"menu-item menu-item-type-post_type menu-item-object-page menu-item-5465\"><a href=\"https:\/\/xn--hotel-knigshof-1pb.de\/gastronomie\/familienfeier-hochzeiten\/\" class=\"elementor-item menu-link\" tabindex=\"-1\">Family celebrations &amp; weddings<\/a><\/li>\n<\/ul>\t\t\t<\/nav>\n\t\t\t\t\t\t<\/div>\n\t\t\t\t<\/div>\n\t\t\t\t<\/div>\n\t\t\t\t\t<\/div>\n\t\t\t\t<\/div>\n\t\t\t\t<\/div>\n\t\t\t\t<\/div>\n\t\t\t\t\t\t<\/div>\n\t\t\t\t<\/div>\n\t\t\t\t<\/div>\n\t\t\t\t\t<\/div>\n\t\t\t\t<\/div>\n\t\t<div class=\"elementor-element elementor-element-60d0c8e e-flex e-con-boxed elementor-invisible e-con e-parent\" data-id=\"60d0c8e\" data-element_type=\"container\" data-e-type=\"container\" data-settings=\"{&quot;animation&quot;:&quot;zoomIn&quot;}\">\n\t\t\t\t\t<div class=\"e-con-inner\">\n\t\t<div class=\"elementor-element elementor-element-4c8733e e-con-full e-flex e-con e-child\" data-id=\"4c8733e\" data-element_type=\"container\" data-e-type=\"container\">\n\t\t\t\t<div class=\"elementor-element elementor-element-7d3a014 elementor-widget-divider--view-line elementor-widget elementor-widget-divider\" data-id=\"7d3a014\" data-element_type=\"widget\" data-e-type=\"widget\" data-widget_type=\"divider.default\">\n\t\t\t\t<div class=\"elementor-widget-container\">\n\t\t\t\t\t\t\t<div class=\"elementor-divider\">\n\t\t\t<span class=\"elementor-divider-separator\">\n\t\t\t\t\t\t<\/span>\n\t\t<\/div>\n\t\t\t\t\t\t<\/div>\n\t\t\t\t<\/div>\n\t\t\t\t<\/div>\n\t\t\t\t\t<\/div>\n\t\t\t\t<\/div>\n\t\t\t\t<\/div>\n\t\t","protected":false},"excerpt":{"rendered":"<p>Culinary calendar 2026 The culinary calendar offers you special culinary events and changing moments of pleasure throughout the year. Seasonal [&hellip;]<\/p>\n","protected":false},"author":1,"featured_media":0,"parent":2588,"menu_order":0,"comment_status":"closed","ping_status":"closed","template":"elementor_header_footer","meta":{"site-sidebar-layout":"no-sidebar","site-content-layout":"plain-container","ast-site-content-layout":"full-width-container","site-content-style":"default","site-sidebar-style":"default","ast-global-header-display":"","ast-banner-title-visibility":"","ast-main-header-display":"","ast-hfb-above-header-display":"","ast-hfb-below-header-display":"","ast-hfb-mobile-header-display":"","site-post-title":"disabled","ast-breadcrumbs-content":"","ast-featured-img":"disabled","footer-sml-layout":"","ast-disable-related-posts":"","theme-transparent-header-meta":"enabled","adv-header-id-meta":"","stick-header-meta":"","header-above-stick-meta":"","header-main-stick-meta":"","header-below-stick-meta":"","astra-migrate-meta-layouts":"default","ast-page-background-enabled":"default","ast-page-background-meta":{"desktop":{"background-color":"var(--ast-global-color-4)","background-image":"","background-repeat":"repeat","background-position":"center center","background-size":"auto","background-attachment":"scroll","background-type":"","background-media":"","overlay-type":"","overlay-color":"","overlay-opacity":"","overlay-gradient":""},"tablet":{"background-color":"","background-image":"","background-repeat":"repeat","background-position":"center center","background-size":"auto","background-attachment":"scroll","background-type":"","background-media":"","overlay-type":"","overlay-color":"","overlay-opacity":"","overlay-gradient":""},"mobile":{"background-color":"","background-image":"","background-repeat":"repeat","background-position":"center center","background-size":"auto","background-attachment":"scroll","background-type":"","background-media":"","overlay-type":"","overlay-color":"","overlay-opacity":"","overlay-gradient":""}},"ast-content-background-meta":{"desktop":{"background-color":"var(--ast-global-color-5)","background-image":"","background-repeat":"repeat","background-position":"center center","background-size":"auto","background-attachment":"scroll","background-type":"","background-media":"","overlay-type":"","overlay-color":"","overlay-opacity":"","overlay-gradient":""},"tablet":{"background-color":"var(--ast-global-color-5)","background-image":"","background-repeat":"repeat","background-position":"center center","background-size":"auto","background-attachment":"scroll","background-type":"","background-media":"","overlay-type":"","overlay-color":"","overlay-opacity":"","overlay-gradient":""},"mobile":{"background-color":"var(--ast-global-color-5)","background-image":"","background-repeat":"repeat","background-position":"center center","background-size":"auto","background-attachment":"scroll","background-type":"","background-media":"","overlay-type":"","overlay-color":"","overlay-opacity":"","overlay-gradient":""}},"footnotes":""},"class_list":["post-5604","page","type-page","status-publish","hentry"],"yoast_head":"<!-- This site is optimized with the Yoast SEO plugin v27.5 - https:\/\/yoast.com\/product\/yoast-seo-wordpress\/ -->\n<title>Gastronomy at the AVALON Hotel K\u00f6nigshof<\/title>\n<meta name=\"description\" content=\"Our gastronomy will spoil you with regional and international dishes. We offer you fresh and delicious creations.\" \/>\n<meta name=\"robots\" content=\"index, follow, max-snippet:-1, max-image-preview:large, max-video-preview:-1\" \/>\n<link rel=\"canonical\" href=\"https:\/\/xn--hotel-knigshof-1pb.de\/en\/gastronomy\/culinary-calendar\/\" \/>\n<meta property=\"og:locale\" content=\"en_US\" \/>\n<meta property=\"og:type\" content=\"article\" \/>\n<meta property=\"og:title\" content=\"Gastronomy at the AVALON Hotel K\u00f6nigshof\" \/>\n<meta property=\"og:description\" content=\"Our gastronomy will spoil you with regional and international dishes. We offer you fresh and delicious creations.\" \/>\n<meta property=\"og:url\" content=\"https:\/\/xn--hotel-knigshof-1pb.de\/en\/gastronomy\/culinary-calendar\/\" \/>\n<meta property=\"og:site_name\" content=\"Hotel K\u00f6nigshof\" \/>\n<meta property=\"article:modified_time\" content=\"2026-03-16T07:42:19+00:00\" \/>\n<meta name=\"twitter:card\" content=\"summary_large_image\" \/>\n<script type=\"application\/ld+json\" class=\"yoast-schema-graph\">{\"@context\":\"https:\\\/\\\/schema.org\",\"@graph\":[{\"@type\":\"WebPage\",\"@id\":\"https:\\\/\\\/xn--hotel-knigshof-1pb.de\\\/en\\\/gastronomy\\\/culinary-calendar\\\/\",\"url\":\"https:\\\/\\\/xn--hotel-knigshof-1pb.de\\\/en\\\/gastronomy\\\/culinary-calendar\\\/\",\"name\":\"Gastronomy at the AVALON Hotel K\u00f6nigshof\",\"isPartOf\":{\"@id\":\"https:\\\/\\\/xn--hotel-knigshof-1pb.de\\\/en\\\/#website\"},\"datePublished\":\"2026-03-15T10:36:30+00:00\",\"dateModified\":\"2026-03-16T07:42:19+00:00\",\"description\":\"Our gastronomy will spoil you with regional and international dishes. We offer you fresh and delicious creations.\",\"breadcrumb\":{\"@id\":\"https:\\\/\\\/xn--hotel-knigshof-1pb.de\\\/en\\\/gastronomy\\\/culinary-calendar\\\/#breadcrumb\"},\"inLanguage\":\"en-US\",\"potentialAction\":[{\"@type\":\"ReadAction\",\"target\":[\"https:\\\/\\\/xn--hotel-knigshof-1pb.de\\\/en\\\/gastronomy\\\/culinary-calendar\\\/\"]}]},{\"@type\":\"BreadcrumbList\",\"@id\":\"https:\\\/\\\/xn--hotel-knigshof-1pb.de\\\/en\\\/gastronomy\\\/culinary-calendar\\\/#breadcrumb\",\"itemListElement\":[{\"@type\":\"ListItem\",\"position\":1,\"name\":\"Startseite\",\"item\":\"https:\\\/\\\/xn--hotel-knigshof-1pb.de\\\/en\\\/\"},{\"@type\":\"ListItem\",\"position\":2,\"name\":\"Gastronomy\",\"item\":\"https:\\\/\\\/xn--hotel-knigshof-1pb.de\\\/en\\\/gastronomy\\\/\"},{\"@type\":\"ListItem\",\"position\":3,\"name\":\"Culinary calendar\"}]},{\"@type\":\"WebSite\",\"@id\":\"https:\\\/\\\/xn--hotel-knigshof-1pb.de\\\/en\\\/#website\",\"url\":\"https:\\\/\\\/xn--hotel-knigshof-1pb.de\\\/en\\\/\",\"name\":\"Hotel K\u00f6nigshof\",\"description\":\"Herzlich Willkommen im AVALON Hotel K\u00f6nigshof! In der historischen Kleinstadt K\u00f6nigslutter am Elm in S\u00fcdostniedersachsen finden Sie in ruhiger Lage ...\",\"publisher\":{\"@id\":\"https:\\\/\\\/xn--hotel-knigshof-1pb.de\\\/en\\\/#organization\"},\"potentialAction\":[{\"@type\":\"SearchAction\",\"target\":{\"@type\":\"EntryPoint\",\"urlTemplate\":\"https:\\\/\\\/xn--hotel-knigshof-1pb.de\\\/en\\\/?s={search_term_string}\"},\"query-input\":{\"@type\":\"PropertyValueSpecification\",\"valueRequired\":true,\"valueName\":\"search_term_string\"}}],\"inLanguage\":\"en-US\"},{\"@type\":\"Organization\",\"@id\":\"https:\\\/\\\/xn--hotel-knigshof-1pb.de\\\/en\\\/#organization\",\"name\":\"Hotel K\u00f6nigshof\",\"url\":\"https:\\\/\\\/xn--hotel-knigshof-1pb.de\\\/en\\\/\",\"logo\":{\"@type\":\"ImageObject\",\"inLanguage\":\"en-US\",\"@id\":\"https:\\\/\\\/xn--hotel-knigshof-1pb.de\\\/en\\\/#\\\/schema\\\/logo\\\/image\\\/\",\"url\":\"https:\\\/\\\/xn--hotel-knigshof-1pb.de\\\/wp-content\\\/uploads\\\/2024\\\/05\\\/cropped-Logo-Avalon-Hotel-Koenigshof.png\",\"contentUrl\":\"https:\\\/\\\/xn--hotel-knigshof-1pb.de\\\/wp-content\\\/uploads\\\/2024\\\/05\\\/cropped-Logo-Avalon-Hotel-Koenigshof.png\",\"width\":331,\"height\":200,\"caption\":\"Hotel K\u00f6nigshof\"},\"image\":{\"@id\":\"https:\\\/\\\/xn--hotel-knigshof-1pb.de\\\/en\\\/#\\\/schema\\\/logo\\\/image\\\/\"}}]}<\/script>\n<!-- \/ Yoast SEO plugin. -->","yoast_head_json":{"title":"Gastronomy at the AVALON Hotel K\u00f6nigshof","description":"Our gastronomy will spoil you with regional and international dishes. We offer you fresh and delicious creations.","robots":{"index":"index","follow":"follow","max-snippet":"max-snippet:-1","max-image-preview":"max-image-preview:large","max-video-preview":"max-video-preview:-1"},"canonical":"https:\/\/xn--hotel-knigshof-1pb.de\/en\/gastronomy\/culinary-calendar\/","og_locale":"en_US","og_type":"article","og_title":"Gastronomy at the AVALON Hotel K\u00f6nigshof","og_description":"Our gastronomy will spoil you with regional and international dishes. We offer you fresh and delicious creations.","og_url":"https:\/\/xn--hotel-knigshof-1pb.de\/en\/gastronomy\/culinary-calendar\/","og_site_name":"Hotel K\u00f6nigshof","article_modified_time":"2026-03-16T07:42:19+00:00","twitter_card":"summary_large_image","schema":{"@context":"https:\/\/schema.org","@graph":[{"@type":"WebPage","@id":"https:\/\/xn--hotel-knigshof-1pb.de\/en\/gastronomy\/culinary-calendar\/","url":"https:\/\/xn--hotel-knigshof-1pb.de\/en\/gastronomy\/culinary-calendar\/","name":"Gastronomy at the AVALON Hotel K\u00f6nigshof","isPartOf":{"@id":"https:\/\/xn--hotel-knigshof-1pb.de\/en\/#website"},"datePublished":"2026-03-15T10:36:30+00:00","dateModified":"2026-03-16T07:42:19+00:00","description":"Our gastronomy will spoil you with regional and international dishes. We offer you fresh and delicious creations.","breadcrumb":{"@id":"https:\/\/xn--hotel-knigshof-1pb.de\/en\/gastronomy\/culinary-calendar\/#breadcrumb"},"inLanguage":"en-US","potentialAction":[{"@type":"ReadAction","target":["https:\/\/xn--hotel-knigshof-1pb.de\/en\/gastronomy\/culinary-calendar\/"]}]},{"@type":"BreadcrumbList","@id":"https:\/\/xn--hotel-knigshof-1pb.de\/en\/gastronomy\/culinary-calendar\/#breadcrumb","itemListElement":[{"@type":"ListItem","position":1,"name":"Startseite","item":"https:\/\/xn--hotel-knigshof-1pb.de\/en\/"},{"@type":"ListItem","position":2,"name":"Gastronomy","item":"https:\/\/xn--hotel-knigshof-1pb.de\/en\/gastronomy\/"},{"@type":"ListItem","position":3,"name":"Culinary calendar"}]},{"@type":"WebSite","@id":"https:\/\/xn--hotel-knigshof-1pb.de\/en\/#website","url":"https:\/\/xn--hotel-knigshof-1pb.de\/en\/","name":"Hotel K\u00f6nigshof","description":"Herzlich Willkommen im AVALON Hotel K\u00f6nigshof! In der historischen Kleinstadt K\u00f6nigslutter am Elm in S\u00fcdostniedersachsen finden Sie in ruhiger Lage ...","publisher":{"@id":"https:\/\/xn--hotel-knigshof-1pb.de\/en\/#organization"},"potentialAction":[{"@type":"SearchAction","target":{"@type":"EntryPoint","urlTemplate":"https:\/\/xn--hotel-knigshof-1pb.de\/en\/?s={search_term_string}"},"query-input":{"@type":"PropertyValueSpecification","valueRequired":true,"valueName":"search_term_string"}}],"inLanguage":"en-US"},{"@type":"Organization","@id":"https:\/\/xn--hotel-knigshof-1pb.de\/en\/#organization","name":"Hotel K\u00f6nigshof","url":"https:\/\/xn--hotel-knigshof-1pb.de\/en\/","logo":{"@type":"ImageObject","inLanguage":"en-US","@id":"https:\/\/xn--hotel-knigshof-1pb.de\/en\/#\/schema\/logo\/image\/","url":"https:\/\/xn--hotel-knigshof-1pb.de\/wp-content\/uploads\/2024\/05\/cropped-Logo-Avalon-Hotel-Koenigshof.png","contentUrl":"https:\/\/xn--hotel-knigshof-1pb.de\/wp-content\/uploads\/2024\/05\/cropped-Logo-Avalon-Hotel-Koenigshof.png","width":331,"height":200,"caption":"Hotel K\u00f6nigshof"},"image":{"@id":"https:\/\/xn--hotel-knigshof-1pb.de\/en\/#\/schema\/logo\/image\/"}}]}},"_links":{"self":[{"href":"https:\/\/xn--hotel-knigshof-1pb.de\/en\/wp-json\/wp\/v2\/pages\/5604","targetHints":{"allow":["GET"]}}],"collection":[{"href":"https:\/\/xn--hotel-knigshof-1pb.de\/en\/wp-json\/wp\/v2\/pages"}],"about":[{"href":"https:\/\/xn--hotel-knigshof-1pb.de\/en\/wp-json\/wp\/v2\/types\/page"}],"author":[{"embeddable":true,"href":"https:\/\/xn--hotel-knigshof-1pb.de\/en\/wp-json\/wp\/v2\/users\/1"}],"replies":[{"embeddable":true,"href":"https:\/\/xn--hotel-knigshof-1pb.de\/en\/wp-json\/wp\/v2\/comments?post=5604"}],"version-history":[{"count":4,"href":"https:\/\/xn--hotel-knigshof-1pb.de\/en\/wp-json\/wp\/v2\/pages\/5604\/revisions"}],"predecessor-version":[{"id":5644,"href":"https:\/\/xn--hotel-knigshof-1pb.de\/en\/wp-json\/wp\/v2\/pages\/5604\/revisions\/5644"}],"up":[{"embeddable":true,"href":"https:\/\/xn--hotel-knigshof-1pb.de\/en\/wp-json\/wp\/v2\/pages\/2588"}],"wp:attachment":[{"href":"https:\/\/xn--hotel-knigshof-1pb.de\/en\/wp-json\/wp\/v2\/media?parent=5604"}],"curies":[{"name":"wp","href":"https:\/\/api.w.org\/{rel}","templated":true}]}}